{"id":933,"date":"2015-08-01T14:00:03","date_gmt":"2015-08-01T14:00:03","guid":{"rendered":"https:\/\/flopat.fr\/wp\/?page_id=933"},"modified":"2015-08-01T14:22:41","modified_gmt":"2015-08-01T14:22:41","slug":"la-mer","status":"publish","type":"page","link":"https:\/\/flopat.fr\/wp\/avant\/thailande-cambodge-2015\/la-mer\/","title":{"rendered":"La mer"},"content":{"rendered":"<h2>La mer\u00a0: 23 \u2013 27 juillet<\/h2>\n<p>Une journ\u00e9e \u00e0 Kep (\u00e0 moto depuis Kampot)\u00a0: petite ville baln\u00e9aire, bien connue pour sa sp\u00e9cialit\u00e9 de crabes\u00a0: marchands de crabe au march\u00e9 aux crabes, superbe statue d&rsquo;un crabe g\u00e9ant dans la mer (photo \u00e0 venir dans un autre chapitre), restaurants de crabes (d\u00e9licieux\u00a0: grill\u00e9s, frits \u00e0 l&rsquo;ail et au gingembre\u2026).<\/p>\n<p>Puis Sihannouk ville o\u00f9 nous retrouvons les Minard. L\u00e0, \u00e7a change\u00a0: ville tr\u00e8s \u00e9tendue, grouillante, bruyante. Heureusement, la guest house est \u00e0 l&rsquo;\u00e9cart tout en \u00e9tant proche d&rsquo;une des plages (Occheuteal beach). En parcourant le trottoir b\u00e9tonn\u00e9 de la plage\u00a0: \u00e0 droite, il y a de grands hangars faisant office de restaurants, plein de chaises longues et de tables basses, \u00e0 gauche, des chaises longues sur la plage. En fait, c&rsquo;est le coin plut\u00f4t des cambodgiens. Puis on passe insensiblement \u00e0 la partie plus \u00ab\u00a0touristes\u00a0\u00bb\u00a0: m\u00eames b\u00e2timents mais \u00ab\u00a0d\u00e9co\u00a0\u00bb plus occidentale, bars \u00e0 droite, fauteuils rotin ronds \u00e0 gauche avec tables basses. L&rsquo;eau n&rsquo;est pas tr\u00e8s claire\u00a0!, certains touristes non plus\u00a0! Comme disait R\u00e9mi\u00a0petit : \u00ab\u00a0Il y a beaucoup d&rsquo;anglais avec des femmes tha\u00efes\u00a0\u00bb\u00a0!<\/p>\n<p>On est assaillis par les vendeuses de calamars grill\u00e9s, colifichets divers, les masseuses-manucures-\u00e9pilatrices (elles font \u00e7a avec eux fils qu&rsquo;elles entortillent et d\u00e9tortillent autour des poils, \u00e9tonnant!),les mendiants\u2026 typique mais fatigant\u00a0!<\/p>\n<p>Le soir, c&rsquo;est \u00e0 qui mettra sa sono le plus fort\u00a0: le reggae se m\u00e9lange avec la techno et autres\u2026 Dommage car les restaus sont bons\u00a0: ils proposent de choisir poisson, crustac\u00e9s qu&rsquo;ils font griller au barbecue. On a int\u00e9r\u00eat \u00e0 s&rsquo;installer le plus loin possible des baffles, donc sur le sable au bord de l&rsquo;eau\u00a0; seul\u00a0ennui, les vendeurs de p\u00e9tards et feux d&rsquo;artifices \u2026<\/p>\n<p><strong>ngg_shortcode_0_placeholder<\/strong><\/p>\n<p>Heureusement que les soirs, nous retrouvons le calme de la guest-house (et sa piscine&#8230;propre)<\/p>\n<p>Nous passons une petite journ\u00e9e dans le parc national, \u00e0 une vingtaine de Kms de Sihannouk en tuktuk dont une partie derri\u00e8re un camion poubelles&#8230;et une autre sur piste\u00a0: Le jeu en vaut la chandelle, nous acc\u00e9dons ensuite \u00e0 pied \u00e0 une succession de chutes d&rsquo;eau (Kbai Chhay) o\u00f9 nous nous baignons (ou plut\u00f4t douchons) copieusement. Tout le monde s&rsquo;amuse les appareils photo ne ch\u00f4ment pas\u00a0!<\/p>\n<p><strong>ngg_shortcode_1_placeholder<\/strong><\/p>\n<h2>L&rsquo;\u00eele de Koh Rong Samloen\u00a0:<\/h2>\n<p>Nous d\u00e9cidons de passer une journ\u00e9e plong\u00e9e tuba et \u00eeles. En fait, nous pouvons poursuivre l&rsquo;excursion en restant sur l&rsquo;\u00eele de Koh Rong Samloen autant qu&rsquo;on veut. Donc, nous voil\u00e0 partis dans un bateau \u00e0 \u00e9tages. Nous restons en bas (stabilit\u00e9 pour ne pas trop perturber notre estomac\u00a0; la nautamine est \u00e0 notre disposition au cas o\u00f9). Bien nous en prend car les occidentaux sont au dessus (avec la musique \u00e0 fond). Un groupe de vietnamiens est d\u00e9j\u00e0 install\u00e9, bien \u00e9quip\u00e9 en bi\u00e8res, biscuits, friandises diverses et ils n&rsquo;en sont pas \u00e0 leur premi\u00e8re bi\u00e8re. Ils ne tardent pas \u00e0 nous en proposer, il faut trinquer, puis ils nous en proposent d&rsquo;autres, pour trinquer \u00e0 nouveau. L&rsquo;ambiance est joyeuse\u00a0!<\/p>\n<p>Petit arr\u00eat plong\u00e9e tuba pr\u00e8s d&rsquo;une petite \u00eele\u00a0: les fonds sont tr\u00e8s abim\u00e9s, les coraux sont cass\u00e9s, on voit quelques poissons.<\/p>\n<p><strong>ngg_shortcode_2_placeholder<\/strong><\/p>\n<p>Arriv\u00e9e \u00e0 Koh Rong Samloen\u00a0; un bateau vient nous chercher, charge les bagages\u00a0 et nous d\u00e9barquons \u00e0 la jet\u00e9e de notre guest-house \u00e0 quelques centaines de m\u00e8tres de l\u00e0.<\/p>\n<p>Tr\u00e8s bon choix\u00a0: des bungalows face et au bord de la plage de sable, un petit restau paillote, et comble du luxe, une piscine bassin qui r\u00e9colte l&rsquo;eau d&rsquo;une cascade juste au dessus. Nous profiterons abondamment de sa fra\u00eecheur et limpidit\u00e9. Nous d\u00e9cidons de rester deux nuits.<br \/>\nLe patron de la guest house (allemand) aime bien boire et offrir des bi\u00e8res\u00a0: sans commentaires<br \/>\npremi\u00e8re bi\u00e8re, deuxi\u00e8me bi\u00e8re, troisi\u00e8me bi\u00e8re&#8230;une heure plus tard, deux heures plus tard\u2026 J&rsquo;ai bu ma premi\u00e8re (demi) chope de bi\u00e8re\u00a0!<\/p>\n<p><strong>ngg_shortcode_3_placeholder<\/strong><\/p>\n<p>Le lendemain, nous traversons l&rsquo;\u00eele \u00e0 travers la jungle par un petit sentier un peu escarp\u00e9 parfois et encombr\u00e9 de racines (bruits d&rsquo;oiseaux, cigales, feuillages (quelques singes)). 45 min apr\u00e8s, nous d\u00e9bouchons d&rsquo;abord sur une paillotte qui propose des boissons fra\u00eeches, quelle bonne id\u00e9e vu la chaleur\u00a0! Puis sur la c\u00f4te face \u00e0 l&rsquo;oc\u00e9an\u00a0: plage de sable blanc d\u00e9serte (ou presque), mer limpide verte puis turquoise, des vagues. Baignade, farniente, occupations diverses\u2026 casse cro\u00fbte chez des Fran\u00e7ais qui ont install\u00e9 un snack paillotte et louent des tentes suspendues.<\/p>\n<p><strong>ngg_shortcode_4_placeholder<\/strong><\/p>\n<p>Retour \u00e0 la dure r\u00e9alit\u00e9\u00a0: retour \u00e0 Bangkok puis la France pour les uns, retour en Tha\u00eflande pour les autres. Nous avons la chance d&rsquo;\u00eatre dans la deuxi\u00e8me cat\u00e9gorie.<\/p>\n<p><strong>ngg_shortcode_5_placeholder<\/strong><\/p>\n","protected":false},"excerpt":{"rendered":"<p>La mer\u00a0: 23 \u2013 27 juillet Une journ\u00e9e \u00e0 Kep (\u00e0 moto depuis Kampot)\u00a0: petite ville baln\u00e9aire, bien connue pour sa sp\u00e9cialit\u00e9 de crabes\u00a0: marchands de crabe au march\u00e9 aux crabes, superbe statue d&rsquo;un crabe g\u00e9ant dans la mer (photo &hellip; <a href=\"https:\/\/flopat.fr\/wp\/avant\/thailande-cambodge-2015\/la-mer\/\">Continuer la lecture <span class=\"meta-nav\">&rarr;<\/span><\/a><\/p>\n","protected":false},"author":1,"featured_media":0,"parent":457,"menu_order":0,"comment_status":"open","ping_status":"open","template":"","meta":{"ngg_post_thumbnail":0},"_links":{"self":[{"href":"https:\/\/flopat.fr\/wp\/wp-json\/wp\/v2\/pages\/933"}],"collection":[{"href":"https:\/\/flopat.fr\/wp\/wp-json\/wp\/v2\/pages"}],"about":[{"href":"https:\/\/flopat.fr\/wp\/wp-json\/wp\/v2\/types\/page"}],"author":[{"embeddable":true,"href":"https:\/\/flopat.fr\/wp\/wp-json\/wp\/v2\/users\/1"}],"replies":[{"embeddable":true,"href":"https:\/\/flopat.fr\/wp\/wp-json\/wp\/v2\/comments?post=933"}],"version-history":[{"count":5,"href":"https:\/\/flopat.fr\/wp\/wp-json\/wp\/v2\/pages\/933\/revisions"}],"predecessor-version":[{"id":1032,"href":"https:\/\/flopat.fr\/wp\/wp-json\/wp\/v2\/pages\/933\/revisions\/1032"}],"up":[{"embeddable":true,"href":"https:\/\/flopat.fr\/wp\/wp-json\/wp\/v2\/pages\/457"}],"wp:attachment":[{"href":"https:\/\/flopat.fr\/wp\/wp-json\/wp\/v2\/media?parent=933"}],"curies":[{"name":"wp","href":"https:\/\/api.w.org\/{rel}","templated":true}]}}