{"id":3920,"date":"2025-05-11T17:48:58","date_gmt":"2025-05-11T17:48:58","guid":{"rendered":"https:\/\/flopat.fr\/wp\/?page_id=3920"},"modified":"2025-05-11T18:49:38","modified_gmt":"2025-05-11T18:49:38","slug":"sur-la-cote-amalfitaine","status":"publish","type":"page","link":"https:\/\/flopat.fr\/wp\/en-italie-en-fourgon\/sur-la-cote-amalfitaine\/","title":{"rendered":"Sur la c\u00f4te Amalfitaine"},"content":{"rendered":"\n<p style=\"text-align: justify;\"><span style=\"color: #2a2a2a;\"><span style=\"font-family: Times New Roman, serif;\"><span style=\"font-size: medium;\">La c\u00f4te Amalfitaine \u00e9tant un incontournable, apr\u00e8s Paestum et avant Pomp\u00e9i, nous d\u00e9cidons de rallier Sorrente par cette c\u00f4te \u2026 en fourgon ! Etonn\u00e9s au bout d\u2019une vingtaine de kilom\u00e8tres de ne rencontrer aucun camping-car, nous nous posons des questions ! Durant les 70 km de la route, je suis rest\u00e9e cramponn\u00e9e \u00e0 mon si\u00e8ge. Routes \u00e9troites, sinueuses avec des motos qui roulent \u00e0 toute allure, des virages, des endroits o\u00f9 l\u2019on ne peut se croiser. On admire les chauffeurs de bus imperturbables qui passent partout (d\u2019ailleurs, nous en avons suivi un pendant un certain temps, profitant de son passage pour nous faufiler derri\u00e8re&#8230;)<\/span><\/span><\/span><\/p>\n<p style=\"text-align: justify;\"><span style=\"color: #2a2a2a;\"><span style=\"font-family: Times New Roman, serif;\"><span style=\"font-size: medium;\">Solution de l\u2019\u00e9nigme par le r\u00e9ceptionniste du camping : la c\u00f4te est interdite aux camping-cars. Autre son de cloche (internet), elle ne serait autoris\u00e9e que de minuit \u00e0 6 h du matin. On n&rsquo;en saura pas plus ! Nous avons vu plusieurs \u00e9quipes de policiers, nous avons m\u00eame demand\u00e9 notre route \u00e0 l\u2019un d\u2019eux, personne ne nous a rien dit !<\/span><\/span><\/span><\/p>\n<p style=\"text-align: justify;\">&nbsp;<\/p>\n\n\n\n<div id='gallery-1' class='gallery galleryid-3920 gallery-columns-3 gallery-size-thumbnail'><dl class='gallery-item'>\n\t\t\t<dt class='gallery-icon landscape'>\n\t\t\t\t<a href='https:\/\/flopat.fr\/wp\/en-italie-en-fourgon\/sur-la-cote-amalfitaine\/pxl_20250506_0612150472\/'><img width=\"150\" height=\"150\" src=\"https:\/\/flopat.fr\/wp\/wp-content\/uploads\/2025\/05\/PXL_20250506_0612150472-150x150.jpg\" class=\"attachment-thumbnail size-thumbnail\" alt=\"\" decoding=\"async\" loading=\"lazy\" \/><\/a>\n\t\t\t<\/dt><\/dl><dl class='gallery-item'>\n\t\t\t<dt class='gallery-icon landscape'>\n\t\t\t\t<a href='https:\/\/flopat.fr\/wp\/en-italie-en-fourgon\/sur-la-cote-amalfitaine\/pxl_20250506_102633229\/'><img width=\"150\" height=\"150\" src=\"https:\/\/flopat.fr\/wp\/wp-content\/uploads\/2025\/05\/PXL_20250506_102633229-150x150.jpg\" class=\"attachment-thumbnail size-thumbnail\" alt=\"\" decoding=\"async\" loading=\"lazy\" \/><\/a>\n\t\t\t<\/dt><\/dl><dl class='gallery-item'>\n\t\t\t<dt class='gallery-icon landscape'>\n\t\t\t\t<a href='https:\/\/flopat.fr\/wp\/en-italie-en-fourgon\/sur-la-cote-amalfitaine\/pxl_20250505_150440350\/'><img width=\"150\" height=\"150\" src=\"https:\/\/flopat.fr\/wp\/wp-content\/uploads\/2025\/05\/PXL_20250505_150440350-150x150.jpg\" class=\"attachment-thumbnail size-thumbnail\" alt=\"\" decoding=\"async\" loading=\"lazy\" \/><\/a>\n\t\t\t<\/dt><\/dl><br style=\"clear: both\" \/><dl class='gallery-item'>\n\t\t\t<dt class='gallery-icon portrait'>\n\t\t\t\t<a href='https:\/\/flopat.fr\/wp\/en-italie-en-fourgon\/sur-la-cote-amalfitaine\/pxl_20250506_115403067\/'><img width=\"150\" height=\"150\" src=\"https:\/\/flopat.fr\/wp\/wp-content\/uploads\/2025\/05\/PXL_20250506_115403067-150x150.jpg\" class=\"attachment-thumbnail size-thumbnail\" alt=\"\" decoding=\"async\" loading=\"lazy\" \/><\/a>\n\t\t\t<\/dt><\/dl><dl class='gallery-item'>\n\t\t\t<dt class='gallery-icon landscape'>\n\t\t\t\t<a href='https:\/\/flopat.fr\/wp\/en-italie-en-fourgon\/sur-la-cote-amalfitaine\/pxl_20250507_075243543\/'><img width=\"150\" height=\"150\" src=\"https:\/\/flopat.fr\/wp\/wp-content\/uploads\/2025\/05\/PXL_20250507_075243543-150x150.jpg\" class=\"attachment-thumbnail size-thumbnail\" alt=\"\" decoding=\"async\" loading=\"lazy\" \/><\/a>\n\t\t\t<\/dt><\/dl><dl class='gallery-item'>\n\t\t\t<dt class='gallery-icon portrait'>\n\t\t\t\t<a href='https:\/\/flopat.fr\/wp\/en-italie-en-fourgon\/sur-la-cote-amalfitaine\/pxl_20250507_090819252\/'><img width=\"150\" height=\"150\" src=\"https:\/\/flopat.fr\/wp\/wp-content\/uploads\/2025\/05\/PXL_20250507_090819252-150x150.jpg\" class=\"attachment-thumbnail size-thumbnail\" alt=\"\" decoding=\"async\" loading=\"lazy\" \/><\/a>\n\t\t\t<\/dt><\/dl><br style=\"clear: both\" \/><dl class='gallery-item'>\n\t\t\t<dt class='gallery-icon portrait'>\n\t\t\t\t<a href='https:\/\/flopat.fr\/wp\/en-italie-en-fourgon\/sur-la-cote-amalfitaine\/pxl_20250507_121013441\/'><img width=\"150\" height=\"150\" src=\"https:\/\/flopat.fr\/wp\/wp-content\/uploads\/2025\/05\/PXL_20250507_121013441-150x150.jpg\" class=\"attachment-thumbnail size-thumbnail\" alt=\"\" decoding=\"async\" loading=\"lazy\" \/><\/a>\n\t\t\t<\/dt><\/dl><dl class='gallery-item'>\n\t\t\t<dt class='gallery-icon portrait'>\n\t\t\t\t<a href='https:\/\/flopat.fr\/wp\/en-italie-en-fourgon\/sur-la-cote-amalfitaine\/pxl_20250507_122753378\/'><img width=\"150\" height=\"150\" src=\"https:\/\/flopat.fr\/wp\/wp-content\/uploads\/2025\/05\/PXL_20250507_122753378-150x150.jpg\" class=\"attachment-thumbnail size-thumbnail\" alt=\"\" decoding=\"async\" loading=\"lazy\" \/><\/a>\n\t\t\t<\/dt><\/dl><dl class='gallery-item'>\n\t\t\t<dt class='gallery-icon portrait'>\n\t\t\t\t<a href='https:\/\/flopat.fr\/wp\/en-italie-en-fourgon\/sur-la-cote-amalfitaine\/pxl_20250507_124032303\/'><img width=\"150\" height=\"150\" src=\"https:\/\/flopat.fr\/wp\/wp-content\/uploads\/2025\/05\/PXL_20250507_124032303-150x150.jpg\" class=\"attachment-thumbnail size-thumbnail\" alt=\"\" decoding=\"async\" loading=\"lazy\" \/><\/a>\n\t\t\t<\/dt><\/dl><br style=\"clear: both\" \/>\n\t\t<\/div>\n\n\n\n\n<p>Un peu frustr\u00e9s de n\u2019avoir pas profit\u00e9 de ces paysages magnifiques, nous avons lou\u00e9 un scooter pour la longer dans le sens Sorrente \/ Amalfi avec la possibilit\u00e9 de s\u2019arr\u00eater pratiquement o\u00f9 on veut pour admirer les points de vue sur la mer, les villes accroch\u00e9es aux falaises.<\/p>\n<p>En revanche, le stationnement sur temps long nous a co\u00fbt\u00e9 cher\u00a0! Comme conseill\u00e9 par la loueuse de scooter, nous avons opt\u00e9 pour un parking priv\u00e9 qui permettait de d\u00e9boucher directement dans le centre ville d\u2019Amalfi par un tunnel b\u00e9tonn\u00e9. Surprise au moment de payer : 24 \u20ac pour 3h30\u00a0! La ville d\u2019Amalfi, aux hautes maisons blanches, petites ruelles, sa cath\u00e9drale noire et blanche nous ont plu. Nous avons surtout ador\u00e9 les d\u00e9dales de ruelles couvertes, telles des tunnels tout blancs qui permettent de s\u2019\u00e9loigner des rues principales encombr\u00e9es de touristes et de boutiques \u00e0 souvenirs sur le th\u00e8me \u00ab\u00a0citron\u00a0\u00bb. Ravello est une autre ville, aux ruelles et passages vo\u00fbt\u00e9s nombreux, situ\u00e9e plus haut sur la colline du Dragon. Elle offre des panoramas magnifiques. Elle a attir\u00e9 de nombreux artistes Wagner, Miro, D H. Lawrence\u2026 Ils avaient du go\u00fbt. Certains fr\u00e9quentaient la villa Cimbrone et ses splendides jardins.<\/p>\n<p>Nous avons fait une excursion en bateau jusqu&rsquo;\u00e0 l&rsquo;\u00eele de Capri qui fait r\u00eaver, chacun connait la chanson !\u00a0 On emprunte un funiculaire qui m\u00e8ne du port \u00e0 la ville de Capri. Cette derni\u00e8re ne vit que du tourisme, en particulier du tourisme de luxe : boutiques Hermes, Dior, Armani, Gucci et tutti quanti en plus des habituelles boutiques de souvenirs citron ! Un monde fou se presse dans les rues, les boutiques. On s&#8217;empresse de s&rsquo;en \u00e9carter en empruntant des ruelles bord\u00e9es de murs de pierre, de belles villas dans des jardins magnifiques, des vergers de citronniers. nous grimpons jusqu&rsquo;\u00e0 la villa Lysis, villa art d\u00e9co qui appartenait \u00e0 un po\u00e8te. La villa est belle et le panorama dont on b\u00e9n\u00e9ficie \u00e0 travers les vastes fen\u00eatres, les terrasses et le jardin est exceptionnel. Sur le V\u00e9suve notamment.<\/p>\n<p>\u00a0<\/p>\n<p>\u00a0<\/p>\n\n\n\n<div id='gallery-2' class='gallery galleryid-3920 gallery-columns-3 gallery-size-thumbnail'><dl class='gallery-item'>\n\t\t\t<dt class='gallery-icon landscape'>\n\t\t\t\t<a href='https:\/\/flopat.fr\/wp\/en-italie-en-fourgon\/sur-la-cote-amalfitaine\/amalfitaine-16\/'><img width=\"150\" height=\"150\" src=\"https:\/\/flopat.fr\/wp\/wp-content\/uploads\/2025\/05\/amalfitaine-16-150x150.jpg\" class=\"attachment-thumbnail size-thumbnail\" alt=\"\" decoding=\"async\" loading=\"lazy\" \/><\/a>\n\t\t\t<\/dt><\/dl><dl class='gallery-item'>\n\t\t\t<dt class='gallery-icon landscape'>\n\t\t\t\t<a href='https:\/\/flopat.fr\/wp\/en-italie-en-fourgon\/sur-la-cote-amalfitaine\/amalfitaine-15\/'><img width=\"150\" height=\"150\" src=\"https:\/\/flopat.fr\/wp\/wp-content\/uploads\/2025\/05\/amalfitaine-15-150x150.jpg\" class=\"attachment-thumbnail size-thumbnail\" alt=\"\" decoding=\"async\" loading=\"lazy\" \/><\/a>\n\t\t\t<\/dt><\/dl><dl class='gallery-item'>\n\t\t\t<dt class='gallery-icon portrait'>\n\t\t\t\t<a href='https:\/\/flopat.fr\/wp\/en-italie-en-fourgon\/sur-la-cote-amalfitaine\/amalfitaine-13\/'><img width=\"150\" height=\"150\" src=\"https:\/\/flopat.fr\/wp\/wp-content\/uploads\/2025\/05\/amalfitaine-13-150x150.jpg\" class=\"attachment-thumbnail size-thumbnail\" alt=\"\" decoding=\"async\" loading=\"lazy\" \/><\/a>\n\t\t\t<\/dt><\/dl><br style=\"clear: both\" \/><dl class='gallery-item'>\n\t\t\t<dt class='gallery-icon portrait'>\n\t\t\t\t<a href='https:\/\/flopat.fr\/wp\/en-italie-en-fourgon\/sur-la-cote-amalfitaine\/amalfitaine-14\/'><img width=\"150\" height=\"150\" src=\"https:\/\/flopat.fr\/wp\/wp-content\/uploads\/2025\/05\/amalfitaine-14-150x150.jpg\" class=\"attachment-thumbnail size-thumbnail\" alt=\"\" decoding=\"async\" loading=\"lazy\" \/><\/a>\n\t\t\t<\/dt><\/dl><dl class='gallery-item'>\n\t\t\t<dt class='gallery-icon landscape'>\n\t\t\t\t<a href='https:\/\/flopat.fr\/wp\/en-italie-en-fourgon\/sur-la-cote-amalfitaine\/amalfitaine-12\/'><img width=\"150\" height=\"150\" src=\"https:\/\/flopat.fr\/wp\/wp-content\/uploads\/2025\/05\/amalfitaine-12-150x150.jpg\" class=\"attachment-thumbnail size-thumbnail\" alt=\"\" decoding=\"async\" loading=\"lazy\" \/><\/a>\n\t\t\t<\/dt><\/dl><dl class='gallery-item'>\n\t\t\t<dt class='gallery-icon portrait'>\n\t\t\t\t<a href='https:\/\/flopat.fr\/wp\/en-italie-en-fourgon\/sur-la-cote-amalfitaine\/amalfitaine-11\/'><img width=\"150\" height=\"150\" src=\"https:\/\/flopat.fr\/wp\/wp-content\/uploads\/2025\/05\/amalfitaine-11-150x150.jpg\" class=\"attachment-thumbnail size-thumbnail\" alt=\"\" decoding=\"async\" loading=\"lazy\" \/><\/a>\n\t\t\t<\/dt><\/dl><br style=\"clear: both\" \/><dl class='gallery-item'>\n\t\t\t<dt class='gallery-icon landscape'>\n\t\t\t\t<a href='https:\/\/flopat.fr\/wp\/en-italie-en-fourgon\/sur-la-cote-amalfitaine\/amalfitaine-10\/'><img width=\"150\" height=\"150\" src=\"https:\/\/flopat.fr\/wp\/wp-content\/uploads\/2025\/05\/amalfitaine-10-150x150.jpg\" class=\"attachment-thumbnail size-thumbnail\" alt=\"\" decoding=\"async\" loading=\"lazy\" \/><\/a>\n\t\t\t<\/dt><\/dl><dl class='gallery-item'>\n\t\t\t<dt class='gallery-icon landscape'>\n\t\t\t\t<a href='https:\/\/flopat.fr\/wp\/en-italie-en-fourgon\/sur-la-cote-amalfitaine\/amalfitaine-9\/'><img width=\"150\" height=\"150\" src=\"https:\/\/flopat.fr\/wp\/wp-content\/uploads\/2025\/05\/amalfitaine-9-150x150.jpg\" class=\"attachment-thumbnail size-thumbnail\" alt=\"\" decoding=\"async\" loading=\"lazy\" srcset=\"https:\/\/flopat.fr\/wp\/wp-content\/uploads\/2025\/05\/amalfitaine-9-150x150.jpg 150w, https:\/\/flopat.fr\/wp\/wp-content\/uploads\/2025\/05\/amalfitaine-9-300x300.jpg 300w, https:\/\/flopat.fr\/wp\/wp-content\/uploads\/2025\/05\/amalfitaine-9-1024x1024.jpg 1024w, https:\/\/flopat.fr\/wp\/wp-content\/uploads\/2025\/05\/amalfitaine-9-1536x1536.jpg 1536w, https:\/\/flopat.fr\/wp\/wp-content\/uploads\/2025\/05\/amalfitaine-9-2048x2048.jpg 2048w\" sizes=\"(max-width: 150px) 100vw, 150px\" \/><\/a>\n\t\t\t<\/dt><\/dl><dl class='gallery-item'>\n\t\t\t<dt class='gallery-icon landscape'>\n\t\t\t\t<a href='https:\/\/flopat.fr\/wp\/en-italie-en-fourgon\/sur-la-cote-amalfitaine\/amalfitaine-7\/'><img width=\"150\" height=\"150\" src=\"https:\/\/flopat.fr\/wp\/wp-content\/uploads\/2025\/05\/amalfitaine-7-150x150.jpg\" class=\"attachment-thumbnail size-thumbnail\" alt=\"\" decoding=\"async\" loading=\"lazy\" \/><\/a>\n\t\t\t<\/dt><\/dl><br style=\"clear: both\" \/><dl class='gallery-item'>\n\t\t\t<dt class='gallery-icon landscape'>\n\t\t\t\t<a href='https:\/\/flopat.fr\/wp\/en-italie-en-fourgon\/sur-la-cote-amalfitaine\/amalfitaine-8\/'><img width=\"150\" height=\"150\" src=\"https:\/\/flopat.fr\/wp\/wp-content\/uploads\/2025\/05\/amalfitaine-8-150x150.jpg\" class=\"attachment-thumbnail size-thumbnail\" alt=\"\" decoding=\"async\" loading=\"lazy\" \/><\/a>\n\t\t\t<\/dt><\/dl><dl class='gallery-item'>\n\t\t\t<dt class='gallery-icon landscape'>\n\t\t\t\t<a href='https:\/\/flopat.fr\/wp\/en-italie-en-fourgon\/sur-la-cote-amalfitaine\/amalfitaine-6\/'><img width=\"150\" height=\"150\" src=\"https:\/\/flopat.fr\/wp\/wp-content\/uploads\/2025\/05\/amalfitaine-6-150x150.jpg\" class=\"attachment-thumbnail size-thumbnail\" alt=\"\" decoding=\"async\" loading=\"lazy\" \/><\/a>\n\t\t\t<\/dt><\/dl><dl class='gallery-item'>\n\t\t\t<dt class='gallery-icon portrait'>\n\t\t\t\t<a href='https:\/\/flopat.fr\/wp\/en-italie-en-fourgon\/sur-la-cote-amalfitaine\/amalfitaine-5\/'><img width=\"150\" height=\"150\" src=\"https:\/\/flopat.fr\/wp\/wp-content\/uploads\/2025\/05\/amalfitaine-5-150x150.jpg\" class=\"attachment-thumbnail size-thumbnail\" alt=\"\" decoding=\"async\" loading=\"lazy\" \/><\/a>\n\t\t\t<\/dt><\/dl><br style=\"clear: both\" \/><dl class='gallery-item'>\n\t\t\t<dt class='gallery-icon portrait'>\n\t\t\t\t<a href='https:\/\/flopat.fr\/wp\/en-italie-en-fourgon\/sur-la-cote-amalfitaine\/amalfitaine-4\/'><img width=\"150\" height=\"150\" src=\"https:\/\/flopat.fr\/wp\/wp-content\/uploads\/2025\/05\/amalfitaine-4-150x150.jpg\" class=\"attachment-thumbnail size-thumbnail\" alt=\"\" decoding=\"async\" loading=\"lazy\" \/><\/a>\n\t\t\t<\/dt><\/dl><dl class='gallery-item'>\n\t\t\t<dt class='gallery-icon landscape'>\n\t\t\t\t<a href='https:\/\/flopat.fr\/wp\/en-italie-en-fourgon\/sur-la-cote-amalfitaine\/amalfitaine-2\/'><img width=\"150\" height=\"150\" src=\"https:\/\/flopat.fr\/wp\/wp-content\/uploads\/2025\/05\/amalfitaine-2-150x150.jpg\" class=\"attachment-thumbnail size-thumbnail\" alt=\"\" decoding=\"async\" loading=\"lazy\" \/><\/a>\n\t\t\t<\/dt><\/dl><dl class='gallery-item'>\n\t\t\t<dt class='gallery-icon landscape'>\n\t\t\t\t<a href='https:\/\/flopat.fr\/wp\/en-italie-en-fourgon\/sur-la-cote-amalfitaine\/amalfitaine-1\/'><img width=\"150\" height=\"150\" src=\"https:\/\/flopat.fr\/wp\/wp-content\/uploads\/2025\/05\/amalfitaine-1-150x150.jpg\" class=\"attachment-thumbnail size-thumbnail\" alt=\"\" decoding=\"async\" loading=\"lazy\" \/><\/a>\n\t\t\t<\/dt><\/dl><br style=\"clear: both\" \/><dl class='gallery-item'>\n\t\t\t<dt class='gallery-icon landscape'>\n\t\t\t\t<a href='https:\/\/flopat.fr\/wp\/en-italie-en-fourgon\/sur-la-cote-amalfitaine\/amalfitaine-3\/'><img width=\"150\" height=\"150\" src=\"https:\/\/flopat.fr\/wp\/wp-content\/uploads\/2025\/05\/amalfitaine-3-150x150.jpg\" class=\"attachment-thumbnail size-thumbnail\" alt=\"\" decoding=\"async\" loading=\"lazy\" \/><\/a>\n\t\t\t<\/dt><\/dl>\n\t\t\t<br style='clear: both' \/>\n\t\t<\/div>\n\n","protected":false},"excerpt":{"rendered":"<p>La c\u00f4te Amalfitaine \u00e9tant un incontournable, apr\u00e8s Paestum et avant Pomp\u00e9i, nous d\u00e9cidons de rallier Sorrente par cette c\u00f4te \u2026 en fourgon ! Etonn\u00e9s au bout d\u2019une vingtaine de kilom\u00e8tres de ne rencontrer aucun camping-car, nous nous posons des questions &hellip; <a href=\"https:\/\/flopat.fr\/wp\/en-italie-en-fourgon\/sur-la-cote-amalfitaine\/\">Continuer la lecture <span class=\"meta-nav\">&rarr;<\/span><\/a><\/p>\n","protected":false},"author":1,"featured_media":0,"parent":3902,"menu_order":1,"comment_status":"closed","ping_status":"closed","template":"","meta":{"ngg_post_thumbnail":0},"_links":{"self":[{"href":"https:\/\/flopat.fr\/wp\/wp-json\/wp\/v2\/pages\/3920"}],"collection":[{"href":"https:\/\/flopat.fr\/wp\/wp-json\/wp\/v2\/pages"}],"about":[{"href":"https:\/\/flopat.fr\/wp\/wp-json\/wp\/v2\/types\/page"}],"author":[{"embeddable":true,"href":"https:\/\/flopat.fr\/wp\/wp-json\/wp\/v2\/users\/1"}],"replies":[{"embeddable":true,"href":"https:\/\/flopat.fr\/wp\/wp-json\/wp\/v2\/comments?post=3920"}],"version-history":[{"count":9,"href":"https:\/\/flopat.fr\/wp\/wp-json\/wp\/v2\/pages\/3920\/revisions"}],"predecessor-version":[{"id":4112,"href":"https:\/\/flopat.fr\/wp\/wp-json\/wp\/v2\/pages\/3920\/revisions\/4112"}],"up":[{"embeddable":true,"href":"https:\/\/flopat.fr\/wp\/wp-json\/wp\/v2\/pages\/3902"}],"wp:attachment":[{"href":"https:\/\/flopat.fr\/wp\/wp-json\/wp\/v2\/media?parent=3920"}],"curies":[{"name":"wp","href":"https:\/\/api.w.org\/{rel}","templated":true}]}}