{"id":3174,"date":"2023-01-11T08:04:24","date_gmt":"2023-01-11T08:04:24","guid":{"rendered":"https:\/\/flopat.fr\/wp\/?page_id=3174"},"modified":"2023-01-12T10:08:00","modified_gmt":"2023-01-12T10:08:00","slug":"koh-samui","status":"publish","type":"page","link":"https:\/\/flopat.fr\/wp\/thailande-2022-23-2\/koh-samui\/","title":{"rendered":"Koh Samui"},"content":{"rendered":"\n<div id='gallery-1' class='gallery galleryid-3174 gallery-columns-3 gallery-size-thumbnail'><dl class='gallery-item'>\n\t\t\t<dt class='gallery-icon landscape'>\n\t\t\t\t<a href='https:\/\/flopat.fr\/wp\/thailande-2022-23-2\/koh-samui\/img_20221226_154036\/'><img width=\"150\" height=\"150\" src=\"https:\/\/flopat.fr\/wp\/wp-content\/uploads\/2023\/01\/IMG_20221226_154036-150x150.jpeg\" class=\"attachment-thumbnail size-thumbnail\" alt=\"\" decoding=\"async\" loading=\"lazy\" \/><\/a>\n\t\t\t<\/dt><\/dl><dl class='gallery-item'>\n\t\t\t<dt class='gallery-icon landscape'>\n\t\t\t\t<a href='https:\/\/flopat.fr\/wp\/thailande-2022-23-2\/koh-samui\/img_20221227_081419\/'><img width=\"150\" height=\"150\" src=\"https:\/\/flopat.fr\/wp\/wp-content\/uploads\/2023\/01\/IMG_20221227_081419-150x150.jpeg\" class=\"attachment-thumbnail size-thumbnail\" alt=\"\" decoding=\"async\" loading=\"lazy\" \/><\/a>\n\t\t\t<\/dt><\/dl><dl class='gallery-item'>\n\t\t\t<dt class='gallery-icon landscape'>\n\t\t\t\t<a href='https:\/\/flopat.fr\/wp\/thailande-2022-23-2\/koh-samui\/img_20221227_083121\/'><img width=\"150\" height=\"150\" src=\"https:\/\/flopat.fr\/wp\/wp-content\/uploads\/2023\/01\/IMG_20221227_083121-150x150.jpeg\" class=\"attachment-thumbnail size-thumbnail\" alt=\"\" decoding=\"async\" loading=\"lazy\" \/><\/a>\n\t\t\t<\/dt><\/dl><br style=\"clear: both\" \/><dl class='gallery-item'>\n\t\t\t<dt class='gallery-icon portrait'>\n\t\t\t\t<a href='https:\/\/flopat.fr\/wp\/thailande-2022-23-2\/koh-samui\/img_20221227_091219\/'><img width=\"150\" height=\"150\" src=\"https:\/\/flopat.fr\/wp\/wp-content\/uploads\/2023\/01\/IMG_20221227_091219-150x150.jpeg\" class=\"attachment-thumbnail size-thumbnail\" alt=\"\" decoding=\"async\" loading=\"lazy\" \/><\/a>\n\t\t\t<\/dt><\/dl>\n\t\t\t<br style='clear: both' \/>\n\t\t<\/div>\n\n\n\n\n<p><span style=\"color: #000000;\">L\u2019a\u00e9roport s\u2019est agrandi mais n\u2019a pas trop perdu son \u00e2me, ouvert sur l\u2019ext\u00e9rieur, fleuri.<\/span><\/p>\n<p style=\"text-align: justify;\"><span style=\"color: #000000;\">Koh Samui, pour nous, c\u2019est l\u2019\u00eele avec un grand \u00ce, pratiquement la premi\u00e8re o\u00f9 nous avons s\u00e9journ\u00e9 pour des vacances lors de notre vie tha\u00eflandaise. C\u2019\u00e9tait le bungalow en bois \u00e0 150 B (37,5 F \/ 5 <span style=\"font-size: medium;\">\u20ac) en bord de plage avec <\/span><span style=\"font-size: medium;\">une<\/span><span style=\"font-size: medium;\"> famille qui <\/span><span style=\"font-size: medium;\">g\u00e9rait tout.<\/span><span style=\"font-size: medium;\"> Puis les bungalows sont devenus plus solides, une piscine a \u00e9t\u00e9 ajout\u00e9<\/span><span style=\"font-size: medium;\">e<\/span><span style=\"font-size: medium;\">, le standing est mont\u00e9 encore\u2026 Aujourd\u2019hui, <\/span><span style=\"font-size: medium;\">sur la m\u00eame plage (Chaweng) c\u2019est une succession de complexes souvent bruyants, fortement illumin\u00e9s le soir. Tous les niveaux de confort cohabitent, de l\u2019h\u00f4tel de luxe \u00e0 <\/span><span style=\"font-size: medium;\">l\u2019ensemble construit de bric et de broc avec, apr\u00e8s le passage covid, des espaces maintenant \u00e0 l\u2019abandon.<\/span> Notre h\u00f4tel lui m\u00eame semble se r\u00e9veiller et lentement se remettre de sa longue fermeture. A priori, un peu partout, le manque de personnel est criant. Nombre de guest houses ne proposent plus de repas. Nos chambres, dans deux bungalows sont coquettes, grandes, vieillottes mais dans le style tha\u00ef. On aime bien. Le bungalows sont align\u00e9s le long d\u2019une petite all\u00e9e tr\u00e8s arbor\u00e9e qui m\u00e8ne \u00e0 la mer et \u00e0 l\u2019une des deux piscines pr\u00e8s de laquelle nous installons nos quartiers chaque jour. Le b\u00e2timent de l\u2019accueil est kitchissime, celui du restaurant o\u00f9 sont servis les petits d\u00e9jeuners m\u00e9riterait, avec son mobilier un bon coup de karcher. On sent que le petit nombre de personnel a du mal a g\u00e9rer l\u2019entretien. Nos bungalows sont propres, la plage est superbe, peu fr\u00e9quent\u00e9e, la mer d\u00e9licieuse, un peu agit\u00e9e. Les journ\u00e9es passent entre la piscine, la plage le choix des restos et les massages pour les adeptes. La temp\u00e9rature est id\u00e9ale, m\u00eame si le vent est un peu trop pr\u00e9sent. Nous n\u2019avons pas vu encore la mer \u00e9tale et transparente.<\/span><\/p>\n<p>&nbsp;<\/p>\n\n\n\n<div id='gallery-2' class='gallery galleryid-3174 gallery-columns-3 gallery-size-thumbnail'><dl class='gallery-item'>\n\t\t\t<dt class='gallery-icon landscape'>\n\t\t\t\t<a href='https:\/\/flopat.fr\/wp\/thailande-2022-23-2\/koh-samui\/olympus-digital-camera-38\/'><img width=\"150\" height=\"150\" src=\"https:\/\/flopat.fr\/wp\/wp-content\/uploads\/2023\/01\/samui-2-150x150.jpg\" class=\"attachment-thumbnail size-thumbnail\" alt=\"\" decoding=\"async\" loading=\"lazy\" aria-describedby=\"gallery-2-3177\" \/><\/a>\n\t\t\t<\/dt>\n\t\t\t\t<dd class='wp-caption-text gallery-caption' id='gallery-2-3177'>\n\t\t\t\tL&rsquo;environnement de notre QG\n\n\t\t\t\t<\/dd><\/dl><dl class='gallery-item'>\n\t\t\t<dt class='gallery-icon landscape'>\n\t\t\t\t<a href='https:\/\/flopat.fr\/wp\/thailande-2022-23-2\/koh-samui\/olympus-digital-camera-39\/'><img width=\"150\" height=\"150\" src=\"https:\/\/flopat.fr\/wp\/wp-content\/uploads\/2023\/01\/samui-3-150x150.jpg\" class=\"attachment-thumbnail size-thumbnail\" alt=\"\" decoding=\"async\" loading=\"lazy\" aria-describedby=\"gallery-2-3178\" \/><\/a>\n\t\t\t<\/dt>\n\t\t\t\t<dd class='wp-caption-text gallery-caption' id='gallery-2-3178'>\n\t\t\t\tL&rsquo;environnement de notre QG\n\t\t\t\t<\/dd><\/dl><dl class='gallery-item'>\n\t\t\t<dt class='gallery-icon landscape'>\n\t\t\t\t<a href='https:\/\/flopat.fr\/wp\/thailande-2022-23-2\/koh-samui\/olympus-digital-camera-40\/'><img width=\"150\" height=\"150\" src=\"https:\/\/flopat.fr\/wp\/wp-content\/uploads\/2023\/01\/samui-4-150x150.jpg\" class=\"attachment-thumbnail size-thumbnail\" alt=\"\" decoding=\"async\" loading=\"lazy\" aria-describedby=\"gallery-2-3179\" \/><\/a>\n\t\t\t<\/dt>\n\t\t\t\t<dd class='wp-caption-text gallery-caption' id='gallery-2-3179'>\n\t\t\t\tL&rsquo;environnement de notre QG\n\t\t\t\t<\/dd><\/dl><br style=\"clear: both\" \/><dl class='gallery-item'>\n\t\t\t<dt class='gallery-icon landscape'>\n\t\t\t\t<a href='https:\/\/flopat.fr\/wp\/thailande-2022-23-2\/koh-samui\/olympus-digital-camera-43\/'><img width=\"150\" height=\"150\" src=\"https:\/\/flopat.fr\/wp\/wp-content\/uploads\/2023\/01\/samui-7-150x150.jpg\" class=\"attachment-thumbnail size-thumbnail\" alt=\"\" decoding=\"async\" loading=\"lazy\" aria-describedby=\"gallery-2-3182\" \/><\/a>\n\t\t\t<\/dt>\n\t\t\t\t<dd class='wp-caption-text gallery-caption' id='gallery-2-3182'>\n\t\t\t\tActivit\u00e9 #2\n\t\t\t\t<\/dd><\/dl><dl class='gallery-item'>\n\t\t\t<dt class='gallery-icon portrait'>\n\t\t\t\t<a href='https:\/\/flopat.fr\/wp\/thailande-2022-23-2\/koh-samui\/img_20221227_175049\/'><img width=\"150\" height=\"150\" src=\"https:\/\/flopat.fr\/wp\/wp-content\/uploads\/2023\/01\/IMG_20221227_175049-150x150.jpeg\" class=\"attachment-thumbnail size-thumbnail\" alt=\"\" decoding=\"async\" loading=\"lazy\" \/><\/a>\n\t\t\t<\/dt><\/dl><dl class='gallery-item'>\n\t\t\t<dt class='gallery-icon landscape'>\n\t\t\t\t<a href='https:\/\/flopat.fr\/wp\/thailande-2022-23-2\/koh-samui\/img_20230103_080032\/'><img width=\"150\" height=\"150\" src=\"https:\/\/flopat.fr\/wp\/wp-content\/uploads\/2023\/01\/IMG_20230103_080032-150x150.jpeg\" class=\"attachment-thumbnail size-thumbnail\" alt=\"\" decoding=\"async\" loading=\"lazy\" \/><\/a>\n\t\t\t<\/dt><\/dl><br style=\"clear: both\" \/><dl class='gallery-item'>\n\t\t\t<dt class='gallery-icon landscape'>\n\t\t\t\t<a href='https:\/\/flopat.fr\/wp\/thailande-2022-23-2\/koh-samui\/img_20230104_084334\/'><img width=\"150\" height=\"150\" src=\"https:\/\/flopat.fr\/wp\/wp-content\/uploads\/2023\/01\/IMG_20230104_084334-150x150.jpeg\" class=\"attachment-thumbnail size-thumbnail\" alt=\"\" decoding=\"async\" loading=\"lazy\" \/><\/a>\n\t\t\t<\/dt><\/dl><dl class='gallery-item'>\n\t\t\t<dt class='gallery-icon landscape'>\n\t\t\t\t<a href='https:\/\/flopat.fr\/wp\/thailande-2022-23-2\/koh-samui\/img_20230104_085226\/'><img width=\"150\" height=\"150\" src=\"https:\/\/flopat.fr\/wp\/wp-content\/uploads\/2023\/01\/IMG_20230104_085226-150x150.jpeg\" class=\"attachment-thumbnail size-thumbnail\" alt=\"\" decoding=\"async\" loading=\"lazy\" \/><\/a>\n\t\t\t<\/dt><\/dl><dl class='gallery-item'>\n\t\t\t<dt class='gallery-icon landscape'>\n\t\t\t\t<a href='https:\/\/flopat.fr\/wp\/thailande-2022-23-2\/koh-samui\/img_20230104_085926\/'><img width=\"150\" height=\"150\" src=\"https:\/\/flopat.fr\/wp\/wp-content\/uploads\/2023\/01\/IMG_20230104_085926-150x150.jpeg\" class=\"attachment-thumbnail size-thumbnail\" alt=\"\" decoding=\"async\" loading=\"lazy\" \/><\/a>\n\t\t\t<\/dt><\/dl><br style=\"clear: both\" \/><dl class='gallery-item'>\n\t\t\t<dt class='gallery-icon landscape'>\n\t\t\t\t<a href='https:\/\/flopat.fr\/wp\/thailande-2022-23-2\/koh-samui\/olympus-digital-camera-47\/'><img width=\"150\" height=\"150\" src=\"https:\/\/flopat.fr\/wp\/wp-content\/uploads\/2023\/01\/samui-2-1-150x150.jpg\" class=\"attachment-thumbnail size-thumbnail\" alt=\"\" decoding=\"async\" loading=\"lazy\" aria-describedby=\"gallery-2-3206\" \/><\/a>\n\t\t\t<\/dt>\n\t\t\t\t<dd class='wp-caption-text gallery-caption' id='gallery-2-3206'>\n\t\t\t\tOLYMPUS DIGITAL CAMERA\n\t\t\t\t<\/dd><\/dl><dl class='gallery-item'>\n\t\t\t<dt class='gallery-icon portrait'>\n\t\t\t\t<a href='https:\/\/flopat.fr\/wp\/thailande-2022-23-2\/koh-samui\/img_20230102_160757\/'><img width=\"150\" height=\"150\" src=\"https:\/\/flopat.fr\/wp\/wp-content\/uploads\/2023\/01\/IMG_20230102_160757-150x150.jpeg\" class=\"attachment-thumbnail size-thumbnail\" alt=\"\" decoding=\"async\" loading=\"lazy\" \/><\/a>\n\t\t\t<\/dt><\/dl><dl class='gallery-item'>\n\t\t\t<dt class='gallery-icon landscape'>\n\t\t\t\t<a href='https:\/\/flopat.fr\/wp\/thailande-2022-23-2\/koh-samui\/img_20221228_201654\/'><img width=\"150\" height=\"150\" src=\"https:\/\/flopat.fr\/wp\/wp-content\/uploads\/2023\/01\/IMG_20221228_201654-150x150.jpeg\" class=\"attachment-thumbnail size-thumbnail\" alt=\"\" decoding=\"async\" loading=\"lazy\" \/><\/a>\n\t\t\t<\/dt><\/dl><br style=\"clear: both\" \/>\n\t\t<\/div>\n\n\n\n\n<p>Pour casser un peu le train train, nous passons une journ\u00e9e avec des amis du Congo de M\u00e9lina et Adrien \u00e0 la plage de Choengmon au \u00ab\u00a0Lost Beach Bar\u00a0\u00bb qui semble au milieu de nulle part, un bar qui nous fait revenir trente ans en arri\u00e8re, tout en bois, bambous, musique reggae. La crique serait charmante si les laisses de mer (naturelles mais aussi malheureusement beaucoup de plastique ) ne s\u2019y rassemblaient pas. D\u00e9jeuner pieds dans le sable, charmante \u00eele priv\u00e9e en face quasiment reli\u00e9e \u00e0 notre plage par une bande de sable blanc. \u00c7a ne vaut pas notre plage de Chaweng.<\/p>\n<p>Autre activit\u00e9 sympathique, nous nous sommes vus offrir par les jeunes une soir\u00e9e match de boxe tha\u00efe. Des voitures passant dans la rue \u00e0 longueur de journ\u00e9e annoncent \u00e0 grand renfort de musique tonitruante les matchs pr\u00e9vus, donc on est bien inform\u00e9&nbsp;!<\/p>\n<p>Avant le match, repas avec diverses propositions dans des stands : brochettes de poulet avec sauce cacahu\u00e8te, soupe au poulet et vermicelles, pad tha\u00ef (nouilles frites)\u2026 Quand on voit le programme, on se dit qu\u2019on ne tiendra pas jusqu\u2019au bout : 7 combats de 5 rounds ! Et finalement, on en ressort \u00e0 plus de minuit. En fait, on ne s\u2019ennuie pas entre les \u00e9chauffements (accompagn\u00e9s de musique tha\u00efe par un v\u00e9ritable orchestre de 5 musiciens) qui ressemblent \u00e0 de la danse, les combats \u00e0 proprement parler (ouille ! Pas tendres !, le sang gicle !), les massages et aspersion d\u2019eau entre deux rounds pour nos boxeurs. J\u2019oubliais les arriv\u00e9es des boxeurs , cape et mongkon ( sorte de couronne magique destin\u00e9e \u00e0 assurer sa protection et symbolisant la transmission de la force et du savoir du ma\u00eetre \u00e0 l&rsquo;\u00e9l\u00e8ve) qu\u2019ils quittent pour le combat.<\/p>\n<p>&nbsp;<\/p>\n<p>&nbsp;<\/p>\n\n\n\n<div id='gallery-3' class='gallery galleryid-3174 gallery-columns-3 gallery-size-thumbnail'><dl class='gallery-item'>\n\t\t\t<dt class='gallery-icon landscape'>\n\t\t\t\t<a href='https:\/\/flopat.fr\/wp\/thailande-2022-23-2\/koh-samui\/olympus-digital-camera-54\/'><img width=\"150\" height=\"150\" src=\"https:\/\/flopat.fr\/wp\/wp-content\/uploads\/2023\/01\/samui-1-2-150x150.jpg\" class=\"attachment-thumbnail size-thumbnail\" alt=\"\" decoding=\"async\" loading=\"lazy\" aria-describedby=\"gallery-3-3220\" \/><\/a>\n\t\t\t<\/dt>\n\t\t\t\t<dd class='wp-caption-text gallery-caption' id='gallery-3-3220'>\n\t\t\t\tOLYMPUS DIGITAL CAMERA\n\t\t\t\t<\/dd><\/dl><dl class='gallery-item'>\n\t\t\t<dt class='gallery-icon landscape'>\n\t\t\t\t<a href='https:\/\/flopat.fr\/wp\/thailande-2022-23-2\/koh-samui\/olympus-digital-camera-55\/'><img width=\"150\" height=\"150\" src=\"https:\/\/flopat.fr\/wp\/wp-content\/uploads\/2023\/01\/samui-1-3-150x150.jpg\" class=\"attachment-thumbnail size-thumbnail\" alt=\"\" decoding=\"async\" loading=\"lazy\" aria-describedby=\"gallery-3-3221\" \/><\/a>\n\t\t\t<\/dt>\n\t\t\t\t<dd class='wp-caption-text gallery-caption' id='gallery-3-3221'>\n\t\t\t\tOLYMPUS DIGITAL CAMERA\n\t\t\t\t<\/dd><\/dl><dl class='gallery-item'>\n\t\t\t<dt class='gallery-icon landscape'>\n\t\t\t\t<a href='https:\/\/flopat.fr\/wp\/thailande-2022-23-2\/koh-samui\/olympus-digital-camera-56\/'><img width=\"150\" height=\"150\" src=\"https:\/\/flopat.fr\/wp\/wp-content\/uploads\/2023\/01\/samui-1-4-150x150.jpg\" class=\"attachment-thumbnail size-thumbnail\" alt=\"\" decoding=\"async\" loading=\"lazy\" aria-describedby=\"gallery-3-3222\" \/><\/a>\n\t\t\t<\/dt>\n\t\t\t\t<dd class='wp-caption-text gallery-caption' id='gallery-3-3222'>\n\t\t\t\tOLYMPUS DIGITAL CAMERA\n\t\t\t\t<\/dd><\/dl><br style=\"clear: both\" \/><dl class='gallery-item'>\n\t\t\t<dt class='gallery-icon landscape'>\n\t\t\t\t<a href='https:\/\/flopat.fr\/wp\/thailande-2022-23-2\/koh-samui\/olympus-digital-camera-57\/'><img width=\"150\" height=\"150\" src=\"https:\/\/flopat.fr\/wp\/wp-content\/uploads\/2023\/01\/samui-10-2-150x150.jpg\" class=\"attachment-thumbnail size-thumbnail\" alt=\"\" decoding=\"async\" loading=\"lazy\" aria-describedby=\"gallery-3-3223\" \/><\/a>\n\t\t\t<\/dt>\n\t\t\t\t<dd class='wp-caption-text gallery-caption' id='gallery-3-3223'>\n\t\t\t\tOLYMPUS DIGITAL CAMERA\n\t\t\t\t<\/dd><\/dl><dl class='gallery-item'>\n\t\t\t<dt class='gallery-icon landscape'>\n\t\t\t\t<a href='https:\/\/flopat.fr\/wp\/thailande-2022-23-2\/koh-samui\/olympus-digital-camera-58\/'><img width=\"150\" height=\"150\" src=\"https:\/\/flopat.fr\/wp\/wp-content\/uploads\/2023\/01\/samui-1-150x150.jpg\" class=\"attachment-thumbnail size-thumbnail\" alt=\"\" decoding=\"async\" loading=\"lazy\" aria-describedby=\"gallery-3-3224\" \/><\/a>\n\t\t\t<\/dt>\n\t\t\t\t<dd class='wp-caption-text gallery-caption' id='gallery-3-3224'>\n\t\t\t\tOLYMPUS DIGITAL CAMERA\n\t\t\t\t<\/dd><\/dl><dl class='gallery-item'>\n\t\t\t<dt class='gallery-icon portrait'>\n\t\t\t\t<a href='https:\/\/flopat.fr\/wp\/thailande-2022-23-2\/koh-samui\/boxe-liste\/'><img width=\"150\" height=\"150\" src=\"https:\/\/flopat.fr\/wp\/wp-content\/uploads\/2023\/01\/Boxe-liste-150x150.jpg\" class=\"attachment-thumbnail size-thumbnail\" alt=\"\" decoding=\"async\" loading=\"lazy\" \/><\/a>\n\t\t\t<\/dt><\/dl><br style=\"clear: both\" \/>\n\t\t<\/div>\n\n\n\n\n<p>Nous f\u00eatons le nouvel an chez \u00ab&nbsp;nos copines&nbsp;\u00bb, un resto tr\u00e8s sympa ordinaire dans la rue mais offrant de l\u2019excellente nourriture. Feu d\u2019artifice sur la plage par diff\u00e9rents h\u00f4tels pour passer \u00e0 2023.<\/p>\n<p>Le 3 janvier, Adrien nous quitte, le boulot l\u2019appelle. Nous restons une journ\u00e9e de plus avant de quitter, nous aussi notre petit paradis.<\/p>\n\n\n\n<div id='gallery-4' class='gallery galleryid-3174 gallery-columns-3 gallery-size-thumbnail'><dl class='gallery-item'>\n\t\t\t<dt class='gallery-icon landscape'>\n\t\t\t\t<a href='https:\/\/flopat.fr\/wp\/thailande-2022-23-2\/koh-samui\/img_20221228_202922\/'><img width=\"150\" height=\"150\" src=\"https:\/\/flopat.fr\/wp\/wp-content\/uploads\/2023\/01\/IMG_20221228_202922-150x150.jpeg\" class=\"attachment-thumbnail size-thumbnail\" alt=\"\" decoding=\"async\" loading=\"lazy\" \/><\/a>\n\t\t\t<\/dt><\/dl><dl class='gallery-item'>\n\t\t\t<dt class='gallery-icon portrait'>\n\t\t\t\t<a href='https:\/\/flopat.fr\/wp\/thailande-2022-23-2\/koh-samui\/img_20221229_103054\/'><img width=\"150\" height=\"150\" src=\"https:\/\/flopat.fr\/wp\/wp-content\/uploads\/2023\/01\/IMG_20221229_103054-150x150.jpeg\" class=\"attachment-thumbnail size-thumbnail\" alt=\"\" decoding=\"async\" loading=\"lazy\" \/><\/a>\n\t\t\t<\/dt><\/dl><dl class='gallery-item'>\n\t\t\t<dt class='gallery-icon landscape'>\n\t\t\t\t<a href='https:\/\/flopat.fr\/wp\/thailande-2022-23-2\/koh-samui\/img_20221229_104614\/'><img width=\"150\" height=\"150\" src=\"https:\/\/flopat.fr\/wp\/wp-content\/uploads\/2023\/01\/IMG_20221229_104614-150x150.jpeg\" class=\"attachment-thumbnail size-thumbnail\" alt=\"\" decoding=\"async\" loading=\"lazy\" \/><\/a>\n\t\t\t<\/dt><\/dl><br style=\"clear: both\" \/><dl class='gallery-item'>\n\t\t\t<dt class='gallery-icon landscape'>\n\t\t\t\t<a href='https:\/\/flopat.fr\/wp\/thailande-2022-23-2\/koh-samui\/img_20221229_104647\/'><img width=\"150\" height=\"150\" src=\"https:\/\/flopat.fr\/wp\/wp-content\/uploads\/2023\/01\/IMG_20221229_104647-150x150.jpeg\" class=\"attachment-thumbnail size-thumbnail\" alt=\"\" decoding=\"async\" loading=\"lazy\" \/><\/a>\n\t\t\t<\/dt><\/dl><dl class='gallery-item'>\n\t\t\t<dt class='gallery-icon landscape'>\n\t\t\t\t<a href='https:\/\/flopat.fr\/wp\/thailande-2022-23-2\/koh-samui\/img_20221229_113848\/'><img width=\"150\" height=\"150\" src=\"https:\/\/flopat.fr\/wp\/wp-content\/uploads\/2023\/01\/IMG_20221229_113848-150x150.jpeg\" class=\"attachment-thumbnail size-thumbnail\" alt=\"\" decoding=\"async\" loading=\"lazy\" \/><\/a>\n\t\t\t<\/dt><\/dl><dl class='gallery-item'>\n\t\t\t<dt class='gallery-icon landscape'>\n\t\t\t\t<a href='https:\/\/flopat.fr\/wp\/thailande-2022-23-2\/koh-samui\/olympus-digital-camera-48\/'><img width=\"150\" height=\"150\" src=\"https:\/\/flopat.fr\/wp\/wp-content\/uploads\/2023\/01\/samui-5-1-150x150.jpg\" class=\"attachment-thumbnail size-thumbnail\" alt=\"\" decoding=\"async\" loading=\"lazy\" aria-describedby=\"gallery-4-3214\" \/><\/a>\n\t\t\t<\/dt>\n\t\t\t\t<dd class='wp-caption-text gallery-caption' id='gallery-4-3214'>\n\t\t\t\tOLYMPUS DIGITAL CAMERA\n\t\t\t\t<\/dd><\/dl><br style=\"clear: both\" \/><dl class='gallery-item'>\n\t\t\t<dt class='gallery-icon landscape'>\n\t\t\t\t<a href='https:\/\/flopat.fr\/wp\/thailande-2022-23-2\/koh-samui\/olympus-digital-camera-49\/'><img width=\"150\" height=\"150\" src=\"https:\/\/flopat.fr\/wp\/wp-content\/uploads\/2023\/01\/samui-6-1-150x150.jpg\" class=\"attachment-thumbnail size-thumbnail\" alt=\"\" decoding=\"async\" loading=\"lazy\" aria-describedby=\"gallery-4-3215\" \/><\/a>\n\t\t\t<\/dt>\n\t\t\t\t<dd class='wp-caption-text gallery-caption' id='gallery-4-3215'>\n\t\t\t\tOLYMPUS DIGITAL CAMERA\n\t\t\t\t<\/dd><\/dl><dl class='gallery-item'>\n\t\t\t<dt class='gallery-icon landscape'>\n\t\t\t\t<a href='https:\/\/flopat.fr\/wp\/thailande-2022-23-2\/koh-samui\/olympus-digital-camera-50\/'><img width=\"150\" height=\"150\" src=\"https:\/\/flopat.fr\/wp\/wp-content\/uploads\/2023\/01\/samui-7-1-150x150.jpg\" class=\"attachment-thumbnail size-thumbnail\" alt=\"\" decoding=\"async\" loading=\"lazy\" aria-describedby=\"gallery-4-3216\" \/><\/a>\n\t\t\t<\/dt>\n\t\t\t\t<dd class='wp-caption-text gallery-caption' id='gallery-4-3216'>\n\t\t\t\tOLYMPUS DIGITAL CAMERA\n\t\t\t\t<\/dd><\/dl><dl class='gallery-item'>\n\t\t\t<dt class='gallery-icon landscape'>\n\t\t\t\t<a href='https:\/\/flopat.fr\/wp\/thailande-2022-23-2\/koh-samui\/olympus-digital-camera-51\/'><img width=\"150\" height=\"150\" src=\"https:\/\/flopat.fr\/wp\/wp-content\/uploads\/2023\/01\/samui-8-1-150x150.jpg\" class=\"attachment-thumbnail size-thumbnail\" alt=\"\" decoding=\"async\" loading=\"lazy\" aria-describedby=\"gallery-4-3217\" \/><\/a>\n\t\t\t<\/dt>\n\t\t\t\t<dd class='wp-caption-text gallery-caption' id='gallery-4-3217'>\n\t\t\t\tOLYMPUS DIGITAL CAMERA\n\t\t\t\t<\/dd><\/dl><br style=\"clear: both\" \/><dl class='gallery-item'>\n\t\t\t<dt class='gallery-icon landscape'>\n\t\t\t\t<a href='https:\/\/flopat.fr\/wp\/thailande-2022-23-2\/koh-samui\/olympus-digital-camera-52\/'><img width=\"150\" height=\"150\" src=\"https:\/\/flopat.fr\/wp\/wp-content\/uploads\/2023\/01\/samui-9-1-150x150.jpg\" class=\"attachment-thumbnail size-thumbnail\" alt=\"\" decoding=\"async\" loading=\"lazy\" aria-describedby=\"gallery-4-3218\" \/><\/a>\n\t\t\t<\/dt>\n\t\t\t\t<dd class='wp-caption-text gallery-caption' id='gallery-4-3218'>\n\t\t\t\tOLYMPUS DIGITAL CAMERA\n\t\t\t\t<\/dd><\/dl><dl class='gallery-item'>\n\t\t\t<dt class='gallery-icon landscape'>\n\t\t\t\t<a href='https:\/\/flopat.fr\/wp\/thailande-2022-23-2\/koh-samui\/olympus-digital-camera-53\/'><img width=\"150\" height=\"150\" src=\"https:\/\/flopat.fr\/wp\/wp-content\/uploads\/2023\/01\/samui-10-1-150x150.jpg\" class=\"attachment-thumbnail size-thumbnail\" alt=\"\" decoding=\"async\" loading=\"lazy\" aria-describedby=\"gallery-4-3219\" \/><\/a>\n\t\t\t<\/dt>\n\t\t\t\t<dd class='wp-caption-text gallery-caption' id='gallery-4-3219'>\n\t\t\t\tOLYMPUS DIGITAL CAMERA\n\t\t\t\t<\/dd><\/dl>\n\t\t\t<br style='clear: both' \/>\n\t\t<\/div>\n\n","protected":false},"excerpt":{"rendered":"<p>L\u2019a\u00e9roport s\u2019est agrandi mais n\u2019a pas trop perdu son \u00e2me, ouvert sur l\u2019ext\u00e9rieur, fleuri. Koh Samui, pour nous, c\u2019est l\u2019\u00eele avec un grand \u00ce, pratiquement la premi\u00e8re o\u00f9 nous avons s\u00e9journ\u00e9 pour des vacances lors de notre vie tha\u00eflandaise. C\u2019\u00e9tait &hellip; <a href=\"https:\/\/flopat.fr\/wp\/thailande-2022-23-2\/koh-samui\/\">Continuer la lecture <span class=\"meta-nav\">&rarr;<\/span><\/a><\/p>\n","protected":false},"author":1,"featured_media":0,"parent":3112,"menu_order":4,"comment_status":"closed","ping_status":"closed","template":"","meta":{"ngg_post_thumbnail":0},"_links":{"self":[{"href":"https:\/\/flopat.fr\/wp\/wp-json\/wp\/v2\/pages\/3174"}],"collection":[{"href":"https:\/\/flopat.fr\/wp\/wp-json\/wp\/v2\/pages"}],"about":[{"href":"https:\/\/flopat.fr\/wp\/wp-json\/wp\/v2\/types\/page"}],"author":[{"embeddable":true,"href":"https:\/\/flopat.fr\/wp\/wp-json\/wp\/v2\/users\/1"}],"replies":[{"embeddable":true,"href":"https:\/\/flopat.fr\/wp\/wp-json\/wp\/v2\/comments?post=3174"}],"version-history":[{"count":8,"href":"https:\/\/flopat.fr\/wp\/wp-json\/wp\/v2\/pages\/3174\/revisions"}],"predecessor-version":[{"id":3227,"href":"https:\/\/flopat.fr\/wp\/wp-json\/wp\/v2\/pages\/3174\/revisions\/3227"}],"up":[{"embeddable":true,"href":"https:\/\/flopat.fr\/wp\/wp-json\/wp\/v2\/pages\/3112"}],"wp:attachment":[{"href":"https:\/\/flopat.fr\/wp\/wp-json\/wp\/v2\/media?parent=3174"}],"curies":[{"name":"wp","href":"https:\/\/api.w.org\/{rel}","templated":true}]}}