{"id":3114,"date":"2022-12-24T16:02:59","date_gmt":"2022-12-24T16:02:59","guid":{"rendered":"https:\/\/flopat.fr\/wp\/?page_id=3114"},"modified":"2023-01-10T09:33:57","modified_gmt":"2023-01-10T09:33:57","slug":"farang-free-zone","status":"publish","type":"page","link":"https:\/\/flopat.fr\/wp\/thailande-2022-23-2\/farang-free-zone\/","title":{"rendered":"\u00ab\u00a0Farang free zone *\u00a0\u00bb"},"content":{"rendered":"\n<p>*zone sans occidentaux<\/p>\n<p><span style=\"color: #ff6600;\"><strong>Mercr<\/strong><strong>edi 14 d\u00e9cembre<\/strong><\/span><span style=\"color: #000000;\"><strong> : <\/strong>nous nous d\u00e9cidons \u00e0 quitter le confort de Bangkok. John se d\u00e9voue gentiment pour nous amener \u00e0 l\u2019a\u00e9roport Don Muang avec tout notre chargement pour r\u00e9cup\u00e9rer la voiture de location. Quelle aide pr\u00e9cieuse et quel soulagement !<\/span><\/p>\n<p>La voiture est un peu ray\u00e9e, on n\u2019aura pas trop de crainte de l\u2019ab\u00eemer. Il faut se r\u00e9habituer \u00e0 la conduite \u00e0 gauche, tant qu\u2019on est sur les grands axes, \u00e7a va mais d\u00e8s qu\u2019on change de route, il faut se r\u00e9p\u00e9ter \u00ab&nbsp;\u00e0 gauche, \u00e0 gauche&nbsp;\u00bb.<\/p>\n<p>Arr\u00eat \u00e0 midi \u00e0, Chaitnat, petite ville tranquille au bord du M\u00e9kong. Nous cherchons un restaurant en bord de fleuve mais beaucoup sont ferm\u00e9s (effet Covid ?), nous mangeons des pains et choux chinois dans une gargote. Nous nous rendrons compte en repartant, qu\u2019il reste des restaus ouverts, mais dans une autre zone. On appr\u00e9cie cette petite ville paisible, son temple chinois, ses rues avec lanternes chinoises.<\/p>\n<p><strong><span style=\"color: #ff6600;\">Jeudi 15 d\u00e9cembre<\/span>&nbsp;<\/strong>: Petit d\u00e9jeuner tha\u00ef au bord du petit lac de la guest house o\u00f9 des goinfres de poissons attendent qu\u2019on leur jette de la nourriture&nbsp;: soupe de riz, \u0153uf au plat avec surimi et charcuterie. A proximit\u00e9 de nous et du panneau&nbsp;: \u00ab&nbsp;Ici est une zone verte&nbsp;\u00bb, un drone \u00e9pand un \u00ab&nbsp;liquide&nbsp;\u00bb sur les rizi\u00e8res.<\/p>\n<p>Nous sommes mont\u00e9s (en voiture ) au Wat Kiriwong dont l\u2019int\u00e9r\u00eat principal est la vue qu\u2019il offre sur la ville de Nakkon Sawan plus toutes les petites choses qui nous \u00e9tonnent ou nous amusent&nbsp;:<\/p>\n<ul>\n<li>l\u2019arm\u00e9e de coqs sur les marches (ex votos certainement)<\/li>\n<li>les tha\u00efs qui se prennent continuellement en selfies (comme nous !)<\/li>\n<li>le crocodile \u00ab disney \u00bb g\u00e9ant voisinant le bouddha assis<\/li>\n<li>le bonze assis avant la mont\u00e9e des marches, attendant des offrandes ( on contourne )<\/li>\n<li>les offrandes possibles (ici, des bougies flottantes aux couleurs du jour de sa naissance), nous nous pr\u00eatons au jeu \u00e9videmment.<\/li>\n<\/ul>\n<p>Nous nous sommes lev\u00e9s tard, donc nous arrivons ensuite au \u00ab&nbsp;paradise park&nbsp;\u00bb en pleine chaleur. Heureusement, la promenade de 3,2 km est bien ombrag\u00e9e et nous offre des surprises&nbsp;:<\/p>\n<ul>\n<li>des scouts en exercices de placement et marche,<\/li>\n<li>une nu\u00e9e de chauve souris, des \u00e9cureuils,<\/li>\n<li>les dragons g\u00e9ants de l\u2019entr\u00e9e,<\/li>\n<li>le lieu sur l\u2019\u00eele centrale de fabrication de personnages (humains ou mythologiques), v\u00e9g\u00e9taux, animaux g\u00e9ants (dragons notamment ) \u00e0 partir d\u2019une cage de m\u00e9tal couverte de tissus color\u00e9s.<\/li>\n<\/ul>\n<p>Tous ces \u00e9l\u00e9ments seront \u00e9clair\u00e9s au moment de no\u00ebl sur terre et flottant sur le lac. Ce doit \u00eatre f\u00e9erique dans ce cadre.<\/p>\n<p>Kai yang dans petit restau. (poulet frit)<\/p>\n<p>Avant d\u2019arriver \u00e0 Kampheng Phet, nous nous arr\u00eatons, intrigu\u00e9s par des regroupements de maisons tha\u00efs traditionnelles. Il s&rsquo;agit d&rsquo;un atelier de fabrication de maisons. Une dame a la gentillesse de nous accompagner dans notre visite. Elles sont magnifiques. La plus petite (bungalow) co\u00fbte 3500 \u20ac ; la d\u00e9j\u00e0 jolie maison (une chambre de 3mx5 m) 22.000 \u20ac ; la grande \u00e0 deux chambres, 34 000 \u20ac. Il ne reste qu\u2019\u00e0 l\u2019importer !<\/p>\n<p>Notre h\u00e9bergement ce soir , \u00e0 c\u00f4t\u00e9 d\u2019une maison traditionnelle, un ensemble de maisons style tha\u00ef en dur au bord du fleuve Ping. Petit jardin et terrasse avec coucher de soleil sur la berge oppos\u00e9e. Quelques moustiques mais c\u2019est tenable.<\/p>\n\n\n\n<div id='gallery-1' class='gallery galleryid-3114 gallery-columns-3 gallery-size-thumbnail'><dl class='gallery-item'>\n\t\t\t<dt class='gallery-icon landscape'>\n\t\t\t\t<a href='https:\/\/flopat.fr\/wp\/thailande-2022-23-2\/farang-free-zone\/olympus-digital-camera-26\/'><img width=\"150\" height=\"150\" src=\"https:\/\/flopat.fr\/wp\/wp-content\/uploads\/2022\/12\/FFZ-1-150x150.jpg\" class=\"attachment-thumbnail size-thumbnail\" alt=\"\" decoding=\"async\" loading=\"lazy\" aria-describedby=\"gallery-1-3116\" \/><\/a>\n\t\t\t<\/dt>\n\t\t\t\t<dd class='wp-caption-text gallery-caption' id='gallery-1-3116'>\n\t\t\t\tOLYMPUS DIGITAL CAMERA\n\t\t\t\t<\/dd><\/dl><dl class='gallery-item'>\n\t\t\t<dt class='gallery-icon portrait'>\n\t\t\t\t<a href='https:\/\/flopat.fr\/wp\/thailande-2022-23-2\/farang-free-zone\/olympus-digital-camera-27\/'><img width=\"150\" height=\"150\" src=\"https:\/\/flopat.fr\/wp\/wp-content\/uploads\/2022\/12\/FFZ-2-150x150.jpg\" class=\"attachment-thumbnail size-thumbnail\" alt=\"\" decoding=\"async\" loading=\"lazy\" aria-describedby=\"gallery-1-3117\" \/><\/a>\n\t\t\t<\/dt>\n\t\t\t\t<dd class='wp-caption-text gallery-caption' id='gallery-1-3117'>\n\t\t\t\tQue de coqs !\n\t\t\t\t<\/dd><\/dl><dl class='gallery-item'>\n\t\t\t<dt class='gallery-icon landscape'>\n\t\t\t\t<a href='https:\/\/flopat.fr\/wp\/thailande-2022-23-2\/farang-free-zone\/olympus-digital-camera-28\/'><img width=\"150\" height=\"150\" src=\"https:\/\/flopat.fr\/wp\/wp-content\/uploads\/2022\/12\/FFZ-3-150x150.jpg\" class=\"attachment-thumbnail size-thumbnail\" alt=\"\" decoding=\"async\" loading=\"lazy\" aria-describedby=\"gallery-1-3118\" \/><\/a>\n\t\t\t<\/dt>\n\t\t\t\t<dd class='wp-caption-text gallery-caption' id='gallery-1-3118'>\n\t\t\t\tVisite jardin public : les chauve souris\n\t\t\t\t<\/dd><\/dl><br style=\"clear: both\" \/><dl class='gallery-item'>\n\t\t\t<dt class='gallery-icon portrait'>\n\t\t\t\t<a href='https:\/\/flopat.fr\/wp\/thailande-2022-23-2\/farang-free-zone\/olympus-digital-camera-29\/'><img width=\"150\" height=\"150\" src=\"https:\/\/flopat.fr\/wp\/wp-content\/uploads\/2022\/12\/FFZ-4-150x150.jpg\" class=\"attachment-thumbnail size-thumbnail\" alt=\"\" decoding=\"async\" loading=\"lazy\" aria-describedby=\"gallery-1-3119\" \/><\/a>\n\t\t\t<\/dt>\n\t\t\t\t<dd class='wp-caption-text gallery-caption' id='gallery-1-3119'>\n\t\t\t\tVisite jardin public : l&rsquo;\u00e9cureuil\n\t\t\t\t<\/dd><\/dl><dl class='gallery-item'>\n\t\t\t<dt class='gallery-icon portrait'>\n\t\t\t\t<a href='https:\/\/flopat.fr\/wp\/thailande-2022-23-2\/farang-free-zone\/olympus-digital-camera-30\/'><img width=\"150\" height=\"150\" src=\"https:\/\/flopat.fr\/wp\/wp-content\/uploads\/2022\/12\/FFZ-5-150x150.jpg\" class=\"attachment-thumbnail size-thumbnail\" alt=\"\" decoding=\"async\" loading=\"lazy\" aria-describedby=\"gallery-1-3120\" \/><\/a>\n\t\t\t<\/dt>\n\t\t\t\t<dd class='wp-caption-text gallery-caption' id='gallery-1-3120'>\n\t\t\t\tVisite jardin public : le varan\n\t\t\t\t<\/dd><\/dl><dl class='gallery-item'>\n\t\t\t<dt class='gallery-icon landscape'>\n\t\t\t\t<a href='https:\/\/flopat.fr\/wp\/thailande-2022-23-2\/farang-free-zone\/olympus-digital-camera-31\/'><img width=\"150\" height=\"150\" src=\"https:\/\/flopat.fr\/wp\/wp-content\/uploads\/2022\/12\/FFZ-6-150x150.jpg\" class=\"attachment-thumbnail size-thumbnail\" alt=\"\" decoding=\"async\" loading=\"lazy\" aria-describedby=\"gallery-1-3121\" \/><\/a>\n\t\t\t<\/dt>\n\t\t\t\t<dd class='wp-caption-text gallery-caption' id='gallery-1-3121'>\n\t\t\t\tVisite jardin public : pr\u00e9paration des illuminations\n\t\t\t\t<\/dd><\/dl><br style=\"clear: both\" \/><dl class='gallery-item'>\n\t\t\t<dt class='gallery-icon landscape'>\n\t\t\t\t<a href='https:\/\/flopat.fr\/wp\/thailande-2022-23-2\/farang-free-zone\/olympus-digital-camera-32\/'><img width=\"150\" height=\"150\" src=\"https:\/\/flopat.fr\/wp\/wp-content\/uploads\/2022\/12\/FFZ-7-150x150.jpg\" class=\"attachment-thumbnail size-thumbnail\" alt=\"\" decoding=\"async\" loading=\"lazy\" aria-describedby=\"gallery-1-3122\" \/><\/a>\n\t\t\t<\/dt>\n\t\t\t\t<dd class='wp-caption-text gallery-caption' id='gallery-1-3122'>\n\t\t\t\tVisite jardin public : pr\u00e9paration des illluminations\n\t\t\t\t<\/dd><\/dl><dl class='gallery-item'>\n\t\t\t<dt class='gallery-icon landscape'>\n\t\t\t\t<a href='https:\/\/flopat.fr\/wp\/thailande-2022-23-2\/farang-free-zone\/olympus-digital-camera-33\/'><img width=\"150\" height=\"150\" src=\"https:\/\/flopat.fr\/wp\/wp-content\/uploads\/2022\/12\/FFZ-8-150x150.jpg\" class=\"attachment-thumbnail size-thumbnail\" alt=\"\" decoding=\"async\" loading=\"lazy\" aria-describedby=\"gallery-1-3123\" \/><\/a>\n\t\t\t<\/dt>\n\t\t\t\t<dd class='wp-caption-text gallery-caption' id='gallery-1-3123'>\n\t\t\t\tMaison \u00e0 vendre\n\t\t\t\t<\/dd><\/dl><dl class='gallery-item'>\n\t\t\t<dt class='gallery-icon landscape'>\n\t\t\t\t<a href='https:\/\/flopat.fr\/wp\/thailande-2022-23-2\/farang-free-zone\/olympus-digital-camera-34\/'><img width=\"150\" height=\"150\" src=\"https:\/\/flopat.fr\/wp\/wp-content\/uploads\/2022\/12\/FFZ-9-150x150.jpg\" class=\"attachment-thumbnail size-thumbnail\" alt=\"\" decoding=\"async\" loading=\"lazy\" aria-describedby=\"gallery-1-3124\" \/><\/a>\n\t\t\t<\/dt>\n\t\t\t\t<dd class='wp-caption-text gallery-caption' id='gallery-1-3124'>\n\t\t\t\tMaison \u00e0 vendre\n\t\t\t\t<\/dd><\/dl><br style=\"clear: both\" \/><dl class='gallery-item'>\n\t\t\t<dt class='gallery-icon landscape'>\n\t\t\t\t<a href='https:\/\/flopat.fr\/wp\/thailande-2022-23-2\/farang-free-zone\/olympus-digital-camera-35\/'><img width=\"150\" height=\"150\" src=\"https:\/\/flopat.fr\/wp\/wp-content\/uploads\/2022\/12\/FFZ-10-150x150.jpg\" class=\"attachment-thumbnail size-thumbnail\" alt=\"\" decoding=\"async\" loading=\"lazy\" aria-describedby=\"gallery-1-3125\" \/><\/a>\n\t\t\t<\/dt>\n\t\t\t\t<dd class='wp-caption-text gallery-caption' id='gallery-1-3125'>\n\t\t\t\tCoucher de soleil sur le Chao Phraya\n\t\t\t\t<\/dd><\/dl><dl class='gallery-item'>\n\t\t\t<dt class='gallery-icon landscape'>\n\t\t\t\t<a href='https:\/\/flopat.fr\/wp\/thailande-2022-23-2\/farang-free-zone\/olympus-digital-camera-36\/'><img width=\"150\" height=\"150\" src=\"https:\/\/flopat.fr\/wp\/wp-content\/uploads\/2022\/12\/FFZ-11-150x150.jpg\" class=\"attachment-thumbnail size-thumbnail\" alt=\"\" decoding=\"async\" loading=\"lazy\" aria-describedby=\"gallery-1-3126\" \/><\/a>\n\t\t\t<\/dt>\n\t\t\t\t<dd class='wp-caption-text gallery-caption' id='gallery-1-3126'>\n\t\t\t\tPetit d\u00e9j au bord du Chao Phraya\n\t\t\t\t<\/dd><\/dl>\n\t\t\t<br style='clear: both' \/>\n\t\t<\/div>\n\n","protected":false},"excerpt":{"rendered":"<p>*zone sans occidentaux Mercredi 14 d\u00e9cembre : nous nous d\u00e9cidons \u00e0 quitter le confort de Bangkok. John se d\u00e9voue gentiment pour nous amener \u00e0 l\u2019a\u00e9roport Don Muang avec tout notre chargement pour r\u00e9cup\u00e9rer la voiture de location. Quelle aide pr\u00e9cieuse &hellip; <a href=\"https:\/\/flopat.fr\/wp\/thailande-2022-23-2\/farang-free-zone\/\">Continuer la lecture <span class=\"meta-nav\">&rarr;<\/span><\/a><\/p>\n","protected":false},"author":1,"featured_media":0,"parent":3112,"menu_order":2,"comment_status":"closed","ping_status":"closed","template":"","meta":{"ngg_post_thumbnail":0},"_links":{"self":[{"href":"https:\/\/flopat.fr\/wp\/wp-json\/wp\/v2\/pages\/3114"}],"collection":[{"href":"https:\/\/flopat.fr\/wp\/wp-json\/wp\/v2\/pages"}],"about":[{"href":"https:\/\/flopat.fr\/wp\/wp-json\/wp\/v2\/types\/page"}],"author":[{"embeddable":true,"href":"https:\/\/flopat.fr\/wp\/wp-json\/wp\/v2\/users\/1"}],"replies":[{"embeddable":true,"href":"https:\/\/flopat.fr\/wp\/wp-json\/wp\/v2\/comments?post=3114"}],"version-history":[{"count":6,"href":"https:\/\/flopat.fr\/wp\/wp-json\/wp\/v2\/pages\/3114\/revisions"}],"predecessor-version":[{"id":3131,"href":"https:\/\/flopat.fr\/wp\/wp-json\/wp\/v2\/pages\/3114\/revisions\/3131"}],"up":[{"embeddable":true,"href":"https:\/\/flopat.fr\/wp\/wp-json\/wp\/v2\/pages\/3112"}],"wp:attachment":[{"href":"https:\/\/flopat.fr\/wp\/wp-json\/wp\/v2\/media?parent=3114"}],"curies":[{"name":"wp","href":"https:\/\/api.w.org\/{rel}","templated":true}]}}