{"id":2267,"date":"2018-03-30T17:10:27","date_gmt":"2018-03-30T17:10:27","guid":{"rendered":"https:\/\/flopat.fr\/wp\/?page_id=2267"},"modified":"2018-03-31T07:26:59","modified_gmt":"2018-03-31T07:26:59","slug":"3-trincomalee","status":"publish","type":"page","link":"https:\/\/flopat.fr\/wp\/avant\/sri-lanka-2018\/3-trincomalee\/","title":{"rendered":"3 &#8211; Trincomalee"},"content":{"rendered":"<p style=\"text-align: center;\"><em><span style=\"font-size: 24pt;\">\u00c0 la plage : Trincomalee<\/span><\/em><\/p>\n<p style=\"text-align: justify;\">Nous avons choisi d&rsquo;effectuer le trajet Jaffna Trincomalee en deux \u00e9tapes, deux bus pour pouvoir se d\u00e9gourdir les jambes en cours de route. Environ 7 heures pour parcourir 240 km&nbsp;! Le premier bus diffusait de la musique indienne \u00e0 fond. On ne peut pas y \u00e9chapper car les haut-parleurs \u00e9normes sont dispos\u00e9s judicieusement pour que tout le monde en profite&nbsp;! Dans le deuxi\u00e8me, on a eu droit \u00e0 une vid\u00e9o incompr\u00e9hensible pour nous avec bagarres, explosions, \u00e9motion\u2026 La climatisation est naturelle&nbsp;: fen\u00eatres ouvertes, donc les arr\u00eats sont p\u00e9nibles. Les gens montent, descendent aux nombreux arr\u00eats, le bus est toujours plein. Nous sommes bien prot\u00e9g\u00e9s par les dieux repr\u00e9sent\u00e9s par des images et des statuettes \u00e0 l&rsquo;avant du bus&nbsp;: des Krishna avec lumi\u00e8res qui s&rsquo;allument au freinage, des guirlandes de fleurs, et beaucoup de petites choses accroch\u00e9es&nbsp;: porte-clefs, offrandes&#8230;<\/p>\n<p style=\"text-align: justify;\">Nous avons bien m\u00e9rit\u00e9 deux jours de plage piscine dans un joli h\u00f4tel noy\u00e9 dans un jardin magnifique. Baignade dans la mer qui ne rafra\u00eechit pas tellement elle est chaude. Spectacle des p\u00eacheurs&nbsp;: un gigantesque filet est tendu en arc de cercle jusqu&rsquo;\u00e0 la plage&nbsp;; une dizaine d&rsquo;hommes tirent le filet de part et d&rsquo;autre en faisant des petits pas et en suivant le m\u00eame cadence. Ils remontent progressivement. Une fois arriv\u00e9 le plus haut , chacun redescend pr\u00e8s de l&rsquo;eau, accroche sa ceinture au filet et recommence la mont\u00e9e. Un bateau \u00e0 l&rsquo;ext\u00e9rieur et au centre du filet les guide pour acc\u00e9l\u00e9rer ou non la traction. Pour ranger les filets, ils se mettent en file indienne, et \u00e9tendent puis plient soigneusement les filets dans la barque.<\/p>\n<p style=\"text-align: justify;\">Nous sommes all\u00e9s \u00e9galement \u00e0 Trincomalee voir un ancien fort hollandais maintenant occup\u00e9 par l&rsquo;arm\u00e9e. Les soldats ne sont pas mal lotis, certains tr\u00e8s beaux b\u00e2timents sont d&rsquo;anciennes maisons coloniales entour\u00e9es d&rsquo;arbres g\u00e9ants magnifiques, des banyans. Des cerfs laxy vivent \u00e9galement dans ce parc. On traverse donc cet espace pour acc\u00e9der \u00e0 un rocher sacr\u00e9 o\u00f9 une longue all\u00e9e bord\u00e9e de boutiques de souvenirs en tous genres, sacr\u00e9s et moins sacr\u00e9s m\u00e8ne \u00e0 un petit temple tamoul adorable. Il y a un monde fou, beaucoup d&rsquo;\u00e9coliers et l&rsquo;ambiance est bon enfant. Un petit chemin bord\u00e9s de niches dans le rocher, habit\u00e9es bien s\u00fbr par des dieux (Vishnou, Shiva) m\u00e8ne \u00e0 des arbres \u00e0 souhaits couverts de morceaux de tissus sur lesquels des v\u0153ux sont \u00e9crits. Des centaines de petites cages sont suspendues aux branches (v\u0153ux de fertilit\u00e9). La vue est extraordinaire, sur une mer turquoise.<\/p>\n<p style=\"text-align: justify;\">Nous les avons cherch\u00e9s partout, et les avons trouv\u00e9 sur un march\u00e9, les fameux yaourts de lait de bufflonne. Ils sont pr\u00e9par\u00e9s dans des pots de terre cuite et ont un l\u00e9ger go\u00fbt de fum\u00e9. On les d\u00e9guste avec du miel ou, mieux, de la m\u00e9lasse de coco. D\u00e9licieux<\/p>\n<p style=\"text-align: justify;\">GRAND JEU CONCOURS&nbsp;: qu&rsquo;est-ce qui fait courir ces \u00e9coli\u00e8res&nbsp;?<\/p>\n<div id='gallery-1' class='gallery galleryid-2267 gallery-columns-3 gallery-size-thumbnail'><dl class='gallery-item'>\n\t\t\t<dt class='gallery-icon landscape'>\n\t\t\t\t<a href='https:\/\/flopat.fr\/wp\/wp-content\/uploads\/2018\/03\/DSCN1070.jpg'><img width=\"150\" height=\"150\" src=\"https:\/\/flopat.fr\/wp\/wp-content\/uploads\/2018\/03\/DSCN1070-150x150.jpg\" class=\"attachment-thumbnail size-thumbnail\" alt=\"\" decoding=\"async\" loading=\"lazy\" \/><\/a>\n\t\t\t<\/dt><\/dl><dl class='gallery-item'>\n\t\t\t<dt class='gallery-icon landscape'>\n\t\t\t\t<a href='https:\/\/flopat.fr\/wp\/wp-content\/uploads\/2018\/03\/DSCN1072.jpg'><img width=\"150\" height=\"150\" src=\"https:\/\/flopat.fr\/wp\/wp-content\/uploads\/2018\/03\/DSCN1072-150x150.jpg\" class=\"attachment-thumbnail size-thumbnail\" alt=\"\" decoding=\"async\" loading=\"lazy\" aria-describedby=\"gallery-1-2271\" \/><\/a>\n\t\t\t<\/dt>\n\t\t\t\t<dd class='wp-caption-text gallery-caption' id='gallery-1-2271'>\n\t\t\t\tEt en plus, \u00e7a clignote quand il freine !\n\t\t\t\t<\/dd><\/dl><dl class='gallery-item'>\n\t\t\t<dt class='gallery-icon landscape'>\n\t\t\t\t<a href='https:\/\/flopat.fr\/wp\/wp-content\/uploads\/2018\/03\/DSCN1082.jpg'><img width=\"150\" height=\"150\" src=\"https:\/\/flopat.fr\/wp\/wp-content\/uploads\/2018\/03\/DSCN1082-150x150.jpg\" class=\"attachment-thumbnail size-thumbnail\" alt=\"\" decoding=\"async\" loading=\"lazy\" aria-describedby=\"gallery-1-2272\" \/><\/a>\n\t\t\t<\/dt>\n\t\t\t\t<dd class='wp-caption-text gallery-caption' id='gallery-1-2272'>\n\t\t\t\tDeuxi\u00e8me bus pour Trincomalee\n\t\t\t\t<\/dd><\/dl><br style=\"clear: both\" \/><dl class='gallery-item'>\n\t\t\t<dt class='gallery-icon landscape'>\n\t\t\t\t<a href='https:\/\/flopat.fr\/wp\/wp-content\/uploads\/2018\/03\/DSCN1088.jpg'><img width=\"150\" height=\"150\" src=\"https:\/\/flopat.fr\/wp\/wp-content\/uploads\/2018\/03\/DSCN1088-150x150.jpg\" class=\"attachment-thumbnail size-thumbnail\" alt=\"\" decoding=\"async\" loading=\"lazy\" aria-describedby=\"gallery-1-2273\" \/><\/a>\n\t\t\t<\/dt>\n\t\t\t\t<dd class='wp-caption-text gallery-caption' id='gallery-1-2273'>\n\t\t\t\tBus express !\n\t\t\t\t<\/dd><\/dl><dl class='gallery-item'>\n\t\t\t<dt class='gallery-icon landscape'>\n\t\t\t\t<a href='https:\/\/flopat.fr\/wp\/wp-content\/uploads\/2018\/03\/DSCN1131.jpg'><img width=\"150\" height=\"150\" src=\"https:\/\/flopat.fr\/wp\/wp-content\/uploads\/2018\/03\/DSCN1131-150x150.jpg\" class=\"attachment-thumbnail size-thumbnail\" alt=\"\" decoding=\"async\" loading=\"lazy\" aria-describedby=\"gallery-1-2274\" \/><\/a>\n\t\t\t<\/dt>\n\t\t\t\t<dd class='wp-caption-text gallery-caption' id='gallery-1-2274'>\n\t\t\t\tM\u00eame ici !\n\t\t\t\t<\/dd><\/dl><dl class='gallery-item'>\n\t\t\t<dt class='gallery-icon landscape'>\n\t\t\t\t<a href='https:\/\/flopat.fr\/wp\/wp-content\/uploads\/2018\/03\/DSCN1133.jpg'><img width=\"150\" height=\"150\" src=\"https:\/\/flopat.fr\/wp\/wp-content\/uploads\/2018\/03\/DSCN1133-150x150.jpg\" class=\"attachment-thumbnail size-thumbnail\" alt=\"\" decoding=\"async\" loading=\"lazy\" aria-describedby=\"gallery-1-2275\" \/><\/a>\n\t\t\t<\/dt>\n\t\t\t\t<dd class='wp-caption-text gallery-caption' id='gallery-1-2275'>\n\t\t\t\tA la chasse&#8230; photographique\n\t\t\t\t<\/dd><\/dl><br style=\"clear: both\" \/><dl class='gallery-item'>\n\t\t\t<dt class='gallery-icon landscape'>\n\t\t\t\t<a href='https:\/\/flopat.fr\/wp\/wp-content\/uploads\/2018\/03\/DSCN1135.jpg'><img width=\"150\" height=\"150\" src=\"https:\/\/flopat.fr\/wp\/wp-content\/uploads\/2018\/03\/DSCN1135-150x150.jpg\" class=\"attachment-thumbnail size-thumbnail\" alt=\"\" decoding=\"async\" loading=\"lazy\" aria-describedby=\"gallery-1-2276\" \/><\/a>\n\t\t\t<\/dt>\n\t\t\t\t<dd class='wp-caption-text gallery-caption' id='gallery-1-2276'>\n\t\t\t\tPost trauma : suivez la fl\u00e8che !\n\t\t\t\t<\/dd><\/dl><dl class='gallery-item'>\n\t\t\t<dt class='gallery-icon landscape'>\n\t\t\t\t<a href='https:\/\/flopat.fr\/wp\/wp-content\/uploads\/2018\/03\/DSCN1145.jpg'><img width=\"150\" height=\"150\" src=\"https:\/\/flopat.fr\/wp\/wp-content\/uploads\/2018\/03\/DSCN1145-150x150.jpg\" class=\"attachment-thumbnail size-thumbnail\" alt=\"\" decoding=\"async\" loading=\"lazy\" aria-describedby=\"gallery-1-2277\" \/><\/a>\n\t\t\t<\/dt>\n\t\t\t\t<dd class='wp-caption-text gallery-caption' id='gallery-1-2277'>\n\t\t\t\tCerfs axis dans la zone militaire du fort Frederick\n\t\t\t\t<\/dd><\/dl><dl class='gallery-item'>\n\t\t\t<dt class='gallery-icon landscape'>\n\t\t\t\t<a href='https:\/\/flopat.fr\/wp\/wp-content\/uploads\/2018\/03\/DSCN1152.jpg'><img width=\"150\" height=\"150\" src=\"https:\/\/flopat.fr\/wp\/wp-content\/uploads\/2018\/03\/DSCN1152-150x150.jpg\" class=\"attachment-thumbnail size-thumbnail\" alt=\"\" decoding=\"async\" loading=\"lazy\" aria-describedby=\"gallery-1-2278\" \/><\/a>\n\t\t\t<\/dt>\n\t\t\t\t<dd class='wp-caption-text gallery-caption' id='gallery-1-2278'>\n\t\t\t\tFier motard sur son destrier, traversant la zone militaire du fort Frederick\n\t\t\t\t<\/dd><\/dl><br style=\"clear: both\" \/><dl class='gallery-item'>\n\t\t\t<dt class='gallery-icon landscape'>\n\t\t\t\t<a href='https:\/\/flopat.fr\/wp\/wp-content\/uploads\/2018\/03\/DSCN1165.jpg'><img width=\"150\" height=\"150\" src=\"https:\/\/flopat.fr\/wp\/wp-content\/uploads\/2018\/03\/DSCN1165-150x150.jpg\" class=\"attachment-thumbnail size-thumbnail\" alt=\"\" decoding=\"async\" loading=\"lazy\" aria-describedby=\"gallery-1-2279\" \/><\/a>\n\t\t\t<\/dt>\n\t\t\t\t<dd class='wp-caption-text gallery-caption' id='gallery-1-2279'>\n\t\t\t\tSous l&rsquo;arbre \u00e0 souhaits&#8230;\n\t\t\t\t<\/dd><\/dl><dl class='gallery-item'>\n\t\t\t<dt class='gallery-icon portrait'>\n\t\t\t\t<a href='https:\/\/flopat.fr\/wp\/wp-content\/uploads\/2018\/03\/DSCN1171-e1522481146694.jpg'><img width=\"150\" height=\"150\" src=\"https:\/\/flopat.fr\/wp\/wp-content\/uploads\/2018\/03\/DSCN1171-e1522481146694-150x150.jpg\" class=\"attachment-thumbnail size-thumbnail\" alt=\"\" decoding=\"async\" loading=\"lazy\" aria-describedby=\"gallery-1-2280\" \/><\/a>\n\t\t\t<\/dt>\n\t\t\t\t<dd class='wp-caption-text gallery-caption' id='gallery-1-2280'>\n\t\t\t\tTemple de Thirukoneswaram, arbre \u00e0 souhaits\n\t\t\t\t<\/dd><\/dl><dl class='gallery-item'>\n\t\t\t<dt class='gallery-icon portrait'>\n\t\t\t\t<a href='https:\/\/flopat.fr\/wp\/wp-content\/uploads\/2018\/03\/DSCN1175-e1522481166515.jpg'><img width=\"150\" height=\"150\" src=\"https:\/\/flopat.fr\/wp\/wp-content\/uploads\/2018\/03\/DSCN1175-e1522481166515-150x150.jpg\" class=\"attachment-thumbnail size-thumbnail\" alt=\"\" decoding=\"async\" loading=\"lazy\" aria-describedby=\"gallery-1-2281\" \/><\/a>\n\t\t\t<\/dt>\n\t\t\t\t<dd class='wp-caption-text gallery-caption' id='gallery-1-2281'>\n\t\t\t\tFamille \u00ab\u00a0endimanch\u00e9e\u00a0\u00bb au temple de Thirukoneswaram\n\t\t\t\t<\/dd><\/dl><br style=\"clear: both\" \/><dl class='gallery-item'>\n\t\t\t<dt class='gallery-icon landscape'>\n\t\t\t\t<a href='https:\/\/flopat.fr\/wp\/wp-content\/uploads\/2018\/03\/DSCN1179.jpg'><img width=\"150\" height=\"150\" src=\"https:\/\/flopat.fr\/wp\/wp-content\/uploads\/2018\/03\/DSCN1179-150x150.jpg\" class=\"attachment-thumbnail size-thumbnail\" alt=\"\" decoding=\"async\" loading=\"lazy\" aria-describedby=\"gallery-1-2282\" \/><\/a>\n\t\t\t<\/dt>\n\t\t\t\t<dd class='wp-caption-text gallery-caption' id='gallery-1-2282'>\n\t\t\t\tPour que mon voeu soit exauc\u00e9, je mets une bougie allum\u00e9e sur ma noix de coco que je fais b\u00e9nir puis je la fracasse contre l&rsquo;autel, si elle se casse, \u00e7a devrait marcher !\n\t\t\t\t<\/dd><\/dl><dl class='gallery-item'>\n\t\t\t<dt class='gallery-icon landscape'>\n\t\t\t\t<a href='https:\/\/flopat.fr\/wp\/wp-content\/uploads\/2018\/03\/DSCN1182.jpg'><img width=\"150\" height=\"150\" src=\"https:\/\/flopat.fr\/wp\/wp-content\/uploads\/2018\/03\/DSCN1182-150x150.jpg\" class=\"attachment-thumbnail size-thumbnail\" alt=\"\" decoding=\"async\" loading=\"lazy\" aria-describedby=\"gallery-1-2283\" \/><\/a>\n\t\t\t<\/dt>\n\t\t\t\t<dd class='wp-caption-text gallery-caption' id='gallery-1-2283'>\n\t\t\t\tNOTRE GRAND JEU CONCOURS : Qu&rsquo;est-ce qui fait courir les \u00e9coli\u00e8res ?\n\t\t\t\t<\/dd><\/dl><dl class='gallery-item'>\n\t\t\t<dt class='gallery-icon landscape'>\n\t\t\t\t<a href='https:\/\/flopat.fr\/wp\/wp-content\/uploads\/2018\/03\/DSCN1190.jpg'><img width=\"150\" height=\"150\" src=\"https:\/\/flopat.fr\/wp\/wp-content\/uploads\/2018\/03\/DSCN1190-150x150.jpg\" class=\"attachment-thumbnail size-thumbnail\" alt=\"\" decoding=\"async\" loading=\"lazy\" aria-describedby=\"gallery-1-2284\" \/><\/a>\n\t\t\t<\/dt>\n\t\t\t\t<dd class='wp-caption-text gallery-caption' id='gallery-1-2284'>\n\t\t\t\tTrinquons devant ce merveilleux paysage\n\t\t\t\t<\/dd><\/dl><br style=\"clear: both\" \/><dl class='gallery-item'>\n\t\t\t<dt class='gallery-icon landscape'>\n\t\t\t\t<a href='https:\/\/flopat.fr\/wp\/wp-content\/uploads\/2018\/03\/DSCN1192.jpg'><img width=\"150\" height=\"150\" src=\"https:\/\/flopat.fr\/wp\/wp-content\/uploads\/2018\/03\/DSCN1192-150x150.jpg\" class=\"attachment-thumbnail size-thumbnail\" alt=\"\" decoding=\"async\" loading=\"lazy\" aria-describedby=\"gallery-1-2285\" \/><\/a>\n\t\t\t<\/dt>\n\t\t\t\t<dd class='wp-caption-text gallery-caption' id='gallery-1-2285'>\n\t\t\t\tVendeur de d\u00e9licieux yaourts dans des pots en terre cuite\n\t\t\t\t<\/dd><\/dl><dl class='gallery-item'>\n\t\t\t<dt class='gallery-icon portrait'>\n\t\t\t\t<a href='https:\/\/flopat.fr\/wp\/wp-content\/uploads\/2018\/03\/DSCN1201.jpg'><img width=\"150\" height=\"150\" src=\"https:\/\/flopat.fr\/wp\/wp-content\/uploads\/2018\/03\/DSCN1201-150x150.jpg\" class=\"attachment-thumbnail size-thumbnail\" alt=\"\" decoding=\"async\" loading=\"lazy\" aria-describedby=\"gallery-1-2286\" \/><\/a>\n\t\t\t<\/dt>\n\t\t\t\t<dd class='wp-caption-text gallery-caption' id='gallery-1-2286'>\n\t\t\t\tPr\u00e9paration du d\u00e9licieux yaourt singhalais avec de la m\u00e9lasse\n\t\t\t\t<\/dd><\/dl><dl class='gallery-item'>\n\t\t\t<dt class='gallery-icon landscape'>\n\t\t\t\t<a href='https:\/\/flopat.fr\/wp\/wp-content\/uploads\/2018\/03\/DSCN1202.jpg'><img width=\"150\" height=\"150\" src=\"https:\/\/flopat.fr\/wp\/wp-content\/uploads\/2018\/03\/DSCN1202-150x150.jpg\" class=\"attachment-thumbnail size-thumbnail\" alt=\"\" decoding=\"async\" loading=\"lazy\" aria-describedby=\"gallery-1-2287\" \/><\/a>\n\t\t\t<\/dt>\n\t\t\t\t<dd class='wp-caption-text gallery-caption' id='gallery-1-2287'>\n\t\t\t\tLes pieds dans l&rsquo;eau\n\t\t\t\t<\/dd><\/dl><br style=\"clear: both\" \/><dl class='gallery-item'>\n\t\t\t<dt class='gallery-icon portrait'>\n\t\t\t\t<a href='https:\/\/flopat.fr\/wp\/wp-content\/uploads\/2018\/03\/trico_deer.jpg'><img width=\"150\" height=\"150\" src=\"https:\/\/flopat.fr\/wp\/wp-content\/uploads\/2018\/03\/trico_deer-150x150.jpg\" class=\"attachment-thumbnail size-thumbnail\" alt=\"\" decoding=\"async\" loading=\"lazy\" aria-describedby=\"gallery-1-2288\" \/><\/a>\n\t\t\t<\/dt>\n\t\t\t\t<dd class='wp-caption-text gallery-caption' id='gallery-1-2288'>\n\t\t\t\tCerf axis au Fort Frederick, trincomalee\n\t\t\t\t<\/dd><\/dl><dl class='gallery-item'>\n\t\t\t<dt class='gallery-icon landscape'>\n\t\t\t\t<a href='https:\/\/flopat.fr\/wp\/wp-content\/uploads\/2018\/03\/trico_flomarais.jpg'><img width=\"150\" height=\"150\" src=\"https:\/\/flopat.fr\/wp\/wp-content\/uploads\/2018\/03\/trico_flomarais-150x150.jpg\" class=\"attachment-thumbnail size-thumbnail\" alt=\"\" decoding=\"async\" loading=\"lazy\" aria-describedby=\"gallery-1-2289\" \/><\/a>\n\t\t\t<\/dt>\n\t\t\t\t<dd class='wp-caption-text gallery-caption' id='gallery-1-2289'>\n\t\t\t\tDr\u00f4le d&rsquo;oiseau !\n\t\t\t\t<\/dd><\/dl><dl class='gallery-item'>\n\t\t\t<dt class='gallery-icon landscape'>\n\t\t\t\t<a href='https:\/\/flopat.fr\/wp\/wp-content\/uploads\/2018\/03\/trico_peche2.jpg'><img width=\"150\" height=\"150\" src=\"https:\/\/flopat.fr\/wp\/wp-content\/uploads\/2018\/03\/trico_peche2-150x150.jpg\" class=\"attachment-thumbnail size-thumbnail\" alt=\"\" decoding=\"async\" loading=\"lazy\" aria-describedby=\"gallery-1-2290\" \/><\/a>\n\t\t\t<\/dt>\n\t\t\t\t<dd class='wp-caption-text gallery-caption' id='gallery-1-2290'>\n\t\t\t\tEtape finale : qu&rsquo;y a-t-il dans le filet ?\n\t\t\t\t<\/dd><\/dl><br style=\"clear: both\" \/><dl class='gallery-item'>\n\t\t\t<dt class='gallery-icon landscape'>\n\t\t\t\t<a href='https:\/\/flopat.fr\/wp\/wp-content\/uploads\/2018\/03\/trico_peche3.jpg'><img width=\"150\" height=\"150\" src=\"https:\/\/flopat.fr\/wp\/wp-content\/uploads\/2018\/03\/trico_peche3-150x150.jpg\" class=\"attachment-thumbnail size-thumbnail\" alt=\"\" decoding=\"async\" loading=\"lazy\" aria-describedby=\"gallery-1-2291\" \/><\/a>\n\t\t\t<\/dt>\n\t\t\t\t<dd class='wp-caption-text gallery-caption' id='gallery-1-2291'>\n\t\t\t\tD\u00e9m\u00ealer le filet\n\t\t\t\t<\/dd><\/dl><dl class='gallery-item'>\n\t\t\t<dt class='gallery-icon landscape'>\n\t\t\t\t<a href='https:\/\/flopat.fr\/wp\/wp-content\/uploads\/2018\/03\/trico_voeux.jpg'><img width=\"150\" height=\"150\" src=\"https:\/\/flopat.fr\/wp\/wp-content\/uploads\/2018\/03\/trico_voeux-150x150.jpg\" class=\"attachment-thumbnail size-thumbnail\" alt=\"\" decoding=\"async\" loading=\"lazy\" aria-describedby=\"gallery-1-2292\" \/><\/a>\n\t\t\t<\/dt>\n\t\t\t\t<dd class='wp-caption-text gallery-caption' id='gallery-1-2292'>\n\t\t\t\tGanesh, Vishnou et autres dieux et d\u00e9esses, et les petits bouts de tissus portant des voeux \u00e9crits\n\t\t\t\t<\/dd><\/dl><dl class='gallery-item'>\n\t\t\t<dt class='gallery-icon portrait'>\n\t\t\t\t<a href='https:\/\/flopat.fr\/wp\/wp-content\/uploads\/2018\/03\/trinco_cagettes.jpg'><img width=\"150\" height=\"150\" src=\"https:\/\/flopat.fr\/wp\/wp-content\/uploads\/2018\/03\/trinco_cagettes-150x150.jpg\" class=\"attachment-thumbnail size-thumbnail\" alt=\"\" decoding=\"async\" loading=\"lazy\" aria-describedby=\"gallery-1-2293\" \/><\/a>\n\t\t\t<\/dt>\n\t\t\t\t<dd class='wp-caption-text gallery-caption' id='gallery-1-2293'>\n\t\t\t\tles fameuses cages \u00e0 souhaits\n\t\t\t\t<\/dd><\/dl><br style=\"clear: both\" \/><dl class='gallery-item'>\n\t\t\t<dt class='gallery-icon landscape'>\n\t\t\t\t<a href='https:\/\/flopat.fr\/wp\/wp-content\/uploads\/2018\/03\/trinco_flonaga.jpg'><img width=\"150\" height=\"150\" src=\"https:\/\/flopat.fr\/wp\/wp-content\/uploads\/2018\/03\/trinco_flonaga-150x150.jpg\" class=\"attachment-thumbnail size-thumbnail\" alt=\"\" decoding=\"async\" loading=\"lazy\" aria-describedby=\"gallery-1-2294\" \/><\/a>\n\t\t\t<\/dt>\n\t\t\t\t<dd class='wp-caption-text gallery-caption' id='gallery-1-2294'>\n\t\t\t\tMoi \u00eatre Vishnu, moi \u00eatre Florence&#8230; moi \u00eatre  poubelle bien en vue !!\n\t\t\t\t<\/dd><\/dl><dl class='gallery-item'>\n\t\t\t<dt class='gallery-icon portrait'>\n\t\t\t\t<a href='https:\/\/flopat.fr\/wp\/wp-content\/uploads\/2018\/03\/trinco_peche1.jpg'><img width=\"150\" height=\"150\" src=\"https:\/\/flopat.fr\/wp\/wp-content\/uploads\/2018\/03\/trinco_peche1-150x150.jpg\" class=\"attachment-thumbnail size-thumbnail\" alt=\"\" decoding=\"async\" loading=\"lazy\" aria-describedby=\"gallery-1-2295\" \/><\/a>\n\t\t\t<\/dt>\n\t\t\t\t<dd class='wp-caption-text gallery-caption' id='gallery-1-2295'>\n\t\t\t\tHo hisse, en cadence, tous ensemble d&rsquo;un pied sur l&rsquo;autre \n\t\t\t\t<\/dd><\/dl><dl class='gallery-item'>\n\t\t\t<dt class='gallery-icon portrait'>\n\t\t\t\t<a href='https:\/\/flopat.fr\/wp\/wp-content\/uploads\/2018\/03\/trinco_peche4.jpg'><img width=\"150\" height=\"150\" src=\"https:\/\/flopat.fr\/wp\/wp-content\/uploads\/2018\/03\/trinco_peche4-150x150.jpg\" class=\"attachment-thumbnail size-thumbnail\" alt=\"\" decoding=\"async\" loading=\"lazy\" aria-describedby=\"gallery-1-2296\" \/><\/a>\n\t\t\t<\/dt>\n\t\t\t\t<dd class='wp-caption-text gallery-caption' id='gallery-1-2296'>\n\t\t\t\tP\u00eacheur heureux, la journ\u00e9e est termin\u00e9e\n\t\t\t\t<\/dd><\/dl><br style=\"clear: both\" \/>\n\t\t<\/div>\n\n","protected":false},"excerpt":{"rendered":"<p>\u00c0 la plage : Trincomalee Nous avons choisi d&rsquo;effectuer le trajet Jaffna Trincomalee en deux \u00e9tapes, deux bus pour pouvoir se d\u00e9gourdir les jambes en cours de route. Environ 7 heures pour parcourir 240 km&nbsp;! Le premier bus diffusait de &hellip; <a href=\"https:\/\/flopat.fr\/wp\/avant\/sri-lanka-2018\/3-trincomalee\/\">Continuer la lecture <span class=\"meta-nav\">&rarr;<\/span><\/a><\/p>\n","protected":false},"author":1,"featured_media":0,"parent":2173,"menu_order":0,"comment_status":"open","ping_status":"closed","template":"","meta":{"ngg_post_thumbnail":0},"_links":{"self":[{"href":"https:\/\/flopat.fr\/wp\/wp-json\/wp\/v2\/pages\/2267"}],"collection":[{"href":"https:\/\/flopat.fr\/wp\/wp-json\/wp\/v2\/pages"}],"about":[{"href":"https:\/\/flopat.fr\/wp\/wp-json\/wp\/v2\/types\/page"}],"author":[{"embeddable":true,"href":"https:\/\/flopat.fr\/wp\/wp-json\/wp\/v2\/users\/1"}],"replies":[{"embeddable":true,"href":"https:\/\/flopat.fr\/wp\/wp-json\/wp\/v2\/comments?post=2267"}],"version-history":[{"count":5,"href":"https:\/\/flopat.fr\/wp\/wp-json\/wp\/v2\/pages\/2267\/revisions"}],"predecessor-version":[{"id":2299,"href":"https:\/\/flopat.fr\/wp\/wp-json\/wp\/v2\/pages\/2267\/revisions\/2299"}],"up":[{"embeddable":true,"href":"https:\/\/flopat.fr\/wp\/wp-json\/wp\/v2\/pages\/2173"}],"wp:attachment":[{"href":"https:\/\/flopat.fr\/wp\/wp-json\/wp\/v2\/media?parent=2267"}],"curies":[{"name":"wp","href":"https:\/\/api.w.org\/{rel}","templated":true}]}}