{"id":1052,"date":"2015-08-03T10:32:45","date_gmt":"2015-08-03T10:32:45","guid":{"rendered":"https:\/\/flopat.fr\/wp\/?page_id=1052"},"modified":"2015-08-03T14:57:34","modified_gmt":"2015-08-03T14:57:34","slug":"koh-chang","status":"publish","type":"page","link":"https:\/\/flopat.fr\/wp\/avant\/thailande-cambodge-2015\/koh-chang\/","title":{"rendered":"Koh Chang"},"content":{"rendered":"<p>Le 28 juillet, nous quittons donc le Cambodge par le sud pour rentrer en Tha\u00eflande. Les formalit\u00e9s c\u00f4t\u00e9 cambodgien sont relativement longues et tatillonnes (prise de photos et empreintes digitales&#8230;), en revanche c\u00f4t\u00e9 tha\u00eflandais, c&rsquo;est efficace et rapide.<br \/>\nNous embarquons dans un minibus, puis d\u00e9barquons quelques instants plus tard. Finalement nous partons dans le pick-up d&rsquo;un particulier semble-t-il. Voyage confortable et rapide. Arriv\u00e9s au bac on nous propose de traverser toujours avec ce v\u00e9hicule qui nous d\u00e9posera \u00e0 l&rsquo;h\u00e9bergement de notre choix pour 100 Bath. Comme c&rsquo;est le prix normal d&rsquo;un taxi de l&rsquo;\u00eele, nous approuvons.<\/p>\n<p>Arriv\u00e9s \u00e0 Porn&rsquo;s Bungalows (recommand\u00e9 par le routard, et dont le nom n&rsquo;a rien \u00e0 voir avec de r\u00e9pr\u00e9hensibles activit\u00e9s !). Le site est quelque peu n\u00e9glig\u00e9, certes le bungalow est \u00ab\u00a0les pieds dans l&rsquo;eau\u00a0\u00bb, il est \u00e0 peu pr\u00e8s propre mais le prix nous para\u00eet sur-dimensionn\u00e9 (750 B &gt; 20 \u20ac) . Il fait nuit, nous prenons et verrons demain&#8230;<br \/>\nPromenade matinale sur la plage \u00e0 la recherche de nourriture du matin, nous avisons un ensemble h\u00f4telier comportant des bungalows dans un beau jardin. Ils sont en promotion pour 1 \u20ac de plus que Porn (mais le site est tr\u00e8s bien entretenu et&#8230; piscine et buffet de petit d\u00e9j inclus). Nous signons pour 6 nuits ! Adieu Porn !<\/p>\n<p id=\"tw-target-text\" class=\"tw-data-text vk_txt tw-ta tw-text-large\" dir=\"ltr\" data-placeholder=\"Traduction\">Nous avons le logement, il nous faut une monture. Celle-ci est parqu\u00e9e \u00e0 2 pas de l\u00e0, nous optons pour le mod\u00e8le \u00ab\u00a0<span lang=\"th\">\u0e43\u0e2b\u0e0d\u0e48\u00a0\u00bb (grand &gt; 125 cm3) car les routes ont la particularit\u00e9 sur les \u00eeles tha\u00eflandaises d&rsquo;escalader les collines par le plus court chemin, ce qui donne des pourcentages de d\u00e9nivellation assez cons\u00e9quents.<\/span><\/p>\n<p class=\"tw-data-text vk_txt tw-ta tw-text-large\" dir=\"ltr\" data-placeholder=\"Traduction\"><span lang=\"th\">Cette partie du voyage est la phase \u00ab\u00a0repos\u00a0\u00bb donc, nous passons notre temps :<br \/>\n<\/span><\/p>\n<ul>\n<li class=\"tw-data-text vk_txt tw-ta tw-text-large\" dir=\"ltr\" data-placeholder=\"Traduction\"><span lang=\"th\">en vir\u00e9e \u00e0 moto (il faut au moins faire le tour de cette \u00eele, la 2\u00e8me par la taille apr\u00e8s Phuket) pour prendre l&rsquo;air au milieu des plantations d&rsquo;h\u00e9v\u00e9as, la jungle, des cascades.<br \/>\n<\/span><\/li>\n<li class=\"tw-data-text vk_txt tw-ta tw-text-large\" dir=\"ltr\" data-placeholder=\"Traduction\">en baignades dans la mer (tr\u00e8s chaude) et dans la piscine (presque aussi chaude)<\/li>\n<li class=\"tw-data-text vk_txt tw-ta tw-text-large\" dir=\"ltr\" data-placeholder=\"Traduction\">\u00e0 jouer les Robinson en cano\u00eb, \u00e0 la d\u00e9couverte d&rsquo;\u00eeles voisines.<\/li>\n<li class=\"tw-data-text vk_txt tw-ta tw-text-large\" dir=\"ltr\" data-placeholder=\"Traduction\">\u00e0 chercher le restaurant du soir.<\/li>\n<li class=\"tw-data-text vk_txt tw-ta tw-text-large\" dir=\"ltr\" data-placeholder=\"Traduction\">\u00e0 manger de succulents poissons au restaurant choisi \u00e0 l&rsquo;\u00e9tape pr\u00e9c\u00e9dente.<\/li>\n<li class=\"tw-data-text vk_txt tw-ta tw-text-large\" dir=\"ltr\" data-placeholder=\"Traduction\">\u00e0 dormir en \u00e9coutant les averses de pluie (qui ont la bonne id\u00e9e de ne tomber que la nuit !)<\/li>\n<\/ul>\n<p>4 ao\u00fbt au matin nous quittons ce lieu enchanteur pour rejoindre Bangkok via un bus VIP&#8230;<\/p>\n<p><strong>ngg_shortcode_0_placeholder<\/strong><\/p>\n","protected":false},"excerpt":{"rendered":"<p>Le 28 juillet, nous quittons donc le Cambodge par le sud pour rentrer en Tha\u00eflande. Les formalit\u00e9s c\u00f4t\u00e9 cambodgien sont relativement longues et tatillonnes (prise de photos et empreintes digitales&#8230;), en revanche c\u00f4t\u00e9 tha\u00eflandais, c&rsquo;est efficace et rapide. Nous embarquons &hellip; <a href=\"https:\/\/flopat.fr\/wp\/avant\/thailande-cambodge-2015\/koh-chang\/\">Continuer la lecture <span class=\"meta-nav\">&rarr;<\/span><\/a><\/p>\n","protected":false},"author":1,"featured_media":0,"parent":457,"menu_order":0,"comment_status":"open","ping_status":"open","template":"","meta":{"ngg_post_thumbnail":0},"_links":{"self":[{"href":"https:\/\/flopat.fr\/wp\/wp-json\/wp\/v2\/pages\/1052"}],"collection":[{"href":"https:\/\/flopat.fr\/wp\/wp-json\/wp\/v2\/pages"}],"about":[{"href":"https:\/\/flopat.fr\/wp\/wp-json\/wp\/v2\/types\/page"}],"author":[{"embeddable":true,"href":"https:\/\/flopat.fr\/wp\/wp-json\/wp\/v2\/users\/1"}],"replies":[{"embeddable":true,"href":"https:\/\/flopat.fr\/wp\/wp-json\/wp\/v2\/comments?post=1052"}],"version-history":[{"count":5,"href":"https:\/\/flopat.fr\/wp\/wp-json\/wp\/v2\/pages\/1052\/revisions"}],"predecessor-version":[{"id":1083,"href":"https:\/\/flopat.fr\/wp\/wp-json\/wp\/v2\/pages\/1052\/revisions\/1083"}],"up":[{"embeddable":true,"href":"https:\/\/flopat.fr\/wp\/wp-json\/wp\/v2\/pages\/457"}],"wp:attachment":[{"href":"https:\/\/flopat.fr\/wp\/wp-json\/wp\/v2\/media?parent=1052"}],"curies":[{"name":"wp","href":"https:\/\/api.w.org\/{rel}","templated":true}]}}